{"id":17113,"date":"2022-09-21T10:31:18","date_gmt":"2022-09-21T09:31:18","guid":{"rendered":"https:\/\/www.blaudemar.cat\/reserva\/"},"modified":"2022-10-25T06:59:33","modified_gmt":"2022-10-25T05:59:33","slug":"reserva","status":"publish","type":"page","link":"https:\/\/www.blaudemar.cat\/es\/reserva\/","title":{"rendered":"RESERVA"},"content":{"rendered":"<p>[vc_row css_animation=\u00bb\u00bb row_type=\u00bbrow\u00bb use_row_as_full_screen_section=\u00bbno\u00bb type=\u00bbfull_width\u00bb angled_section=\u00bbno\u00bb text_align=\u00bbcenter\u00bb background_image_as_pattern=\u00bbwithout_pattern\u00bb z_index=\u00bb\u00bb padding_top=\u00bb50&#8243; css=\u00bb.vc_custom_1610182655928{padding-top: 50px !important;padding-bottom: 50px !important;}\u00bb][vc_column][vc_column_text]<\/p>\n<h1 style=\"text-align: center;\">Haz tu reserva<\/h1>\n<p>[\/vc_column_text][\/vc_column][\/vc_row][vc_row css_animation=\u00bb\u00bb row_type=\u00bbrow\u00bb use_row_as_full_screen_section=\u00bbno\u00bb type=\u00bbgrid\u00bb angled_section=\u00bbno\u00bb text_align=\u00bbleft\u00bb background_image_as_pattern=\u00bbwithout_pattern\u00bb z_index=\u00bb\u00bb padding_top=\u00bb0&#8243; padding_bottom=\u00bb0&#8243; css=\u00bb.vc_custom_1610182718360{padding-top: 20px !important;}\u00bb][vc_column offset=\u00bbvc_col-lg-8 vc_col-md-8&#8243;][vc_raw_html]JTNDcCUzRSUzQ2lmcmFtZSUyMHNyYyUzRCUyMmh0dHBzJTNBJTJGJTJGYmxhdWRlbWFyLm15cmVzdG9vLm5ldCUyRmVzJTJGcmVzZXJ2YXIlMjIlMjBzdHlsZSUzRCUyMiUyMHdpZHRoJTNBJTIwMTAwJTI1JTNCJTIwbWluLWhlaWdodCUzQTUwMHB4JTNCJTIwb3ZlcmZsb3clM0FzY3JvbGwlM0IlMjBib3JkZXIlM0Fub25lJTNCJTIwJTIyJTNFJTNDJTJGaWZyYW1lJTNFJTNDJTJGcCUzRQ==[\/vc_raw_html][\/vc_column][vc_column offset=\u00bbvc_col-lg-4 vc_col-md-4 vc_hidden-sm\u00bb][vc_single_image image=\u00bb16988&#8243; img_size=\u00bb300&#215;450&#8243; qode_css_animation=\u00bb\u00bb][\/vc_column][\/vc_row][vc_row css_animation=\u00bb\u00bb row_type=\u00bbrow\u00bb use_row_as_full_screen_section=\u00bbno\u00bb type=\u00bbgrid\u00bb angled_section=\u00bbno\u00bb text_align=\u00bbleft\u00bb background_image_as_pattern=\u00bbwithout_pattern\u00bb z_index=\u00bb\u00bb css=\u00bb.vc_custom_1610182814313{padding-top: 20px !important;}\u00bb][vc_column css=\u00bb.vc_custom_1503052967812{padding-right: 3% !important;}\u00bb offset=\u00bbvc_col-lg-8 vc_col-md-8&#8243;][vc_empty_space height=\u00bb20px\u00bb][vc_gmaps link=\u00bb#E-8_JTNDaWZyYW1lJTIwc3JjJTNEJTIyaHR0cHMlM0ElMkYlMkZ3d3cuZ29vZ2xlLmNvbSUyRm1hcHMlMkZlbWJlZCUzRnBiJTNEJTIxMW0xOCUyMTFtMTIlMjExbTMlMjExZDI5ODQuNTQ4MDUwOTk4NjU3JTIxMmQyLjU0OTgyNjYxNTE4MzMzOTMlMjEzZDQxLjU3OTAyNTA3OTI0NzA0NiUyMTJtMyUyMTFmMCUyMTJmMCUyMTNmMCUyMTNtMiUyMTFpMTAyNCUyMTJpNzY4JTIxNGYxMy4xJTIxM20zJTIxMW0yJTIxMXMweDEyYmIzNzUxZTI0NzQxMjUlMjUzQTB4NDQwOGYwZmQ4NTkwNDc3ZSUyMTJzQmxhdSUyNTIwZGUlMjUyME1hciUyMTVlMCUyMTNtMiUyMTFzZXMlMjEyc2VzJTIxNHYxNjA3NTQwNTAwNjc5JTIxNW0yJTIxMXNlcyUyMTJzZXMlMjIlMjB3aWR0aCUzRCUyMjYwMCUyMiUyMGhlaWdodCUzRCUyMjQ1MCUyMiUyMGZyYW1lYm9yZGVyJTNEJTIyMCUyMiUyMHN0eWxlJTNEJTIyYm9yZGVyJTNBMCUzQiUyMiUyMGFsbG93ZnVsbHNjcmVlbiUzRCUyMiUyMiUyMGFyaWEtaGlkZGVuJTNEJTIyZmFsc2UlMjIlMjB0YWJpbmRleCUzRCUyMjAlMjIlM0UlM0MlMkZpZnJhbWUlM0U=\u00bb][vc_empty_space height=\u00bb57px\u00bb][\/vc_column][vc_column offset=\u00bbvc_col-lg-4 vc_col-md-4&#8243;][vc_empty_space height=\u00bb20px\u00bb][vc_column_text]<\/p>\n<h4><strong>CONTACTO<\/strong><\/h4>\n<p>[\/vc_column_text][vc_separator type=\u00bbtransparent\u00bb thickness=\u00bb2&#8243;][vc_column_text]<img decoding=\"async\" class=\"alignnone wp-image-16611\" src=\"http:\/\/localhost:8888\/wordpress\/wp-content\/uploads\/2021\/01\/telf_icono-300x300.png\" alt=\"tel\u00e9fono\" width=\"18\" height=\"18\" srcset=\"https:\/\/www.blaudemar.cat\/wp-content\/uploads\/2021\/01\/telf_icono-300x300.png 300w, https:\/\/www.blaudemar.cat\/wp-content\/uploads\/2021\/01\/telf_icono-150x150.png 150w, https:\/\/www.blaudemar.cat\/wp-content\/uploads\/2021\/01\/telf_icono.png 340w\" sizes=\"(max-width: 18px) 100vw, 18px\" \/> <a href=\"tel:+34931586065\" target=\"_blank\" rel=\"noopener noreferrer\">93 158 60 65<\/a> | <a href=\"tel:+34650045008\" target=\"_blank\" rel=\"noopener noreferrer\">650 045 008<\/a>[\/vc_column_text][vc_separator type=\u00bbtransparent\u00bb thickness=\u00bb2&#8243;][vc_column_text]<img decoding=\"async\" class=\"alignnone wp-image-16610\" src=\"http:\/\/localhost:8888\/wordpress\/wp-content\/uploads\/2021\/01\/lloc_icono-300x300.png\" alt=\"ubicaci\u00f3n\" width=\"19\" height=\"19\" srcset=\"https:\/\/www.blaudemar.cat\/wp-content\/uploads\/2021\/01\/lloc_icono-300x300.png 300w, https:\/\/www.blaudemar.cat\/wp-content\/uploads\/2021\/01\/lloc_icono-150x150.png 150w, https:\/\/www.blaudemar.cat\/wp-content\/uploads\/2021\/01\/lloc_icono.png 340w\" sizes=\"(max-width: 19px) 100vw, 19px\" \/> <a href=\"https:\/\/g.page\/blaudemar?share\" target=\"_blank\" rel=\"noopener noreferrer\">Passeig del Xifr\u00e9, 2, 08350 Arenys de Mar<\/a>[\/vc_column_text][vc_separator type=\u00bbtransparent\u00bb thickness=\u00bb2&#8243;][vc_column_text]<img decoding=\"async\" class=\"alignnone wp-image-16612\" src=\"http:\/\/localhost:8888\/wordpress\/wp-content\/uploads\/2021\/01\/mail_icono-300x300.png\" alt=\"correo electr\u00f3nico\" width=\"15\" height=\"15\" srcset=\"https:\/\/www.blaudemar.cat\/wp-content\/uploads\/2021\/01\/mail_icono-300x300.png 300w, https:\/\/www.blaudemar.cat\/wp-content\/uploads\/2021\/01\/mail_icono-150x150.png 150w, https:\/\/www.blaudemar.cat\/wp-content\/uploads\/2021\/01\/mail_icono.png 340w\" sizes=\"(max-width: 15px) 100vw, 15px\" \/> <a href=\"mailto:restaurant@blaudemar.cat\">restaurant@blaudemar.cat<\/a>[\/vc_column_text][vc_separator type=\u00bbtransparent\u00bb thickness=\u00bb20&#8243;][\/vc_column][\/vc_row]<\/p>\n","protected":false},"excerpt":{"rendered":"<p>[vc_row css_animation=\u00bb\u00bb row_type=\u00bbrow\u00bb use_row_as_full_screen_section=\u00bbno\u00bb type=\u00bbfull_width\u00bb angled_section=\u00bbno\u00bb text_align=\u00bbcenter\u00bb background_image_as_pattern=\u00bbwithout_pattern\u00bb z_index=\u00bb\u00bb padding_top=\u00bb50&#8243; css=\u00bb.vc_custom_1610182655928{padding-top: 50px !important;padding-bottom: 50px !important;}\u00bb][vc_column][vc_column_text] Haz tu reserva [\/vc_column_text][\/vc_column][\/vc_row][vc_row css_animation=\u00bb\u00bb row_type=\u00bbrow\u00bb use_row_as_full_screen_section=\u00bbno\u00bb type=\u00bbgrid\u00bb angled_section=\u00bbno\u00bb text_align=\u00bbleft\u00bb background_image_as_pattern=\u00bbwithout_pattern\u00bb z_index=\u00bb\u00bb padding_top=\u00bb0&#8243; padding_bottom=\u00bb0&#8243; css=\u00bb.vc_custom_1610182718360{padding-top: 20px !important;}\u00bb][vc_column offset=\u00bbvc_col-lg-8 vc_col-md-8&#8243;][vc_raw_html]JTNDcCUzRSUzQ2lmcmFtZSUyMHNyYyUzRCUyMmh0dHBzJTNBJTJGJTJGYmxhdWRlbWFyLm15cmVzdG9vLm5ldCUyRmVzJTJGcmVzZXJ2YXIlMjIlMjBzdHlsZSUzRCUyMiUyMHdpZHRoJTNBJTIwMTAwJTI1JTNCJTIwbWluLWhlaWdodCUzQTUwMHB4JTNCJTIwb3ZlcmZsb3clM0FzY3JvbGwlM0IlMjBib3JkZXIlM0Fub25lJTNCJTIwJTIyJTNFJTNDJTJGaWZyYW1lJTNFJTNDJTJGcCUzRQ==[\/vc_raw_html][\/vc_column][vc_column offset=\u00bbvc_col-lg-4 vc_col-md-4 vc_hidden-sm\u00bb][vc_single_image image=\u00bb16988&#8243; img_size=\u00bb300&#215;450&#8243; qode_css_animation=\u00bb\u00bb][\/vc_column][\/vc_row][vc_row css_animation=\u00bb\u00bb row_type=\u00bbrow\u00bb use_row_as_full_screen_section=\u00bbno\u00bb type=\u00bbgrid\u00bb angled_section=\u00bbno\u00bb&#8230;<\/p>\n","protected":false},"author":2,"featured_media":17019,"parent":0,"menu_order":0,"comment_status":"closed","ping_status":"closed","template":"full_width.php","meta":{"footnotes":""},"class_list":["post-17113","page","type-page","status-publish","has-post-thumbnail","hentry"],"yoast_head":"<!-- This site is optimized with the Yoast SEO plugin v27.3 - https:\/\/yoast.com\/product\/yoast-seo-wordpress\/ -->\n<title>RESERVA - Restaurante Blau de Mar<\/title>\n<meta name=\"description\" content=\"Haz tu reserva en el Restaurante Blau de Mar de Arenys de Mar (Maresme) a trav\u00e9s de las diferentes opciones que encontrar\u00e1s en esta p\u00e1gina web.\" \/>\n<meta name=\"robots\" content=\"index, follow, max-snippet:-1, max-image-preview:large, max-video-preview:-1\" \/>\n<link rel=\"canonical\" href=\"https:\/\/www.blaudemar.cat\/es\/reserva\/\" \/>\n<meta property=\"og:locale\" content=\"es_ES\" \/>\n<meta property=\"og:type\" content=\"article\" \/>\n<meta property=\"og:title\" content=\"RESERVA - Restaurante Blau de Mar\" \/>\n<meta property=\"og:description\" content=\"Haz tu reserva en el Restaurante Blau de Mar de Arenys de Mar (Maresme) a trav\u00e9s de las diferentes opciones que encontrar\u00e1s en esta p\u00e1gina web.\" \/>\n<meta property=\"og:url\" content=\"https:\/\/www.blaudemar.cat\/es\/reserva\/\" \/>\n<meta property=\"og:site_name\" content=\"Restaurante Blau de Mar\" \/>\n<meta property=\"article:modified_time\" content=\"2022-10-25T05:59:33+00:00\" \/>\n<meta property=\"og:image\" content=\"https:\/\/www.blaudemar.cat\/wp-content\/uploads\/2021\/01\/facana.jpg\" \/>\n\t<meta property=\"og:image:width\" content=\"1920\" \/>\n\t<meta property=\"og:image:height\" content=\"1000\" \/>\n\t<meta property=\"og:image:type\" content=\"image\/jpeg\" \/>\n<meta name=\"twitter:card\" content=\"summary_large_image\" \/>\n<meta name=\"twitter:label1\" content=\"Tiempo de lectura\" \/>\n\t<meta name=\"twitter:data1\" content=\"2 minutos\" \/>\n<script type=\"application\/ld+json\" class=\"yoast-schema-graph\">{\"@context\":\"https:\\\/\\\/schema.org\",\"@graph\":[{\"@type\":\"WebPage\",\"@id\":\"https:\\\/\\\/www.blaudemar.cat\\\/es\\\/reserva\\\/\",\"url\":\"https:\\\/\\\/www.blaudemar.cat\\\/es\\\/reserva\\\/\",\"name\":\"RESERVA - Restaurante Blau de Mar\",\"isPartOf\":{\"@id\":\"https:\\\/\\\/www.blaudemar.cat\\\/es\\\/#website\"},\"primaryImageOfPage\":{\"@id\":\"https:\\\/\\\/www.blaudemar.cat\\\/es\\\/reserva\\\/#primaryimage\"},\"image\":{\"@id\":\"https:\\\/\\\/www.blaudemar.cat\\\/es\\\/reserva\\\/#primaryimage\"},\"thumbnailUrl\":\"https:\\\/\\\/www.blaudemar.cat\\\/wp-content\\\/uploads\\\/2021\\\/01\\\/facana.jpg\",\"datePublished\":\"2022-09-21T09:31:18+00:00\",\"dateModified\":\"2022-10-25T05:59:33+00:00\",\"description\":\"Haz tu reserva en el Restaurante Blau de Mar de Arenys de Mar (Maresme) a trav\u00e9s de las diferentes opciones que encontrar\u00e1s en esta p\u00e1gina web.\",\"breadcrumb\":{\"@id\":\"https:\\\/\\\/www.blaudemar.cat\\\/es\\\/reserva\\\/#breadcrumb\"},\"inLanguage\":\"es\",\"potentialAction\":[{\"@type\":\"ReadAction\",\"target\":[\"https:\\\/\\\/www.blaudemar.cat\\\/es\\\/reserva\\\/\"]}]},{\"@type\":\"ImageObject\",\"inLanguage\":\"es\",\"@id\":\"https:\\\/\\\/www.blaudemar.cat\\\/es\\\/reserva\\\/#primaryimage\",\"url\":\"https:\\\/\\\/www.blaudemar.cat\\\/wp-content\\\/uploads\\\/2021\\\/01\\\/facana.jpg\",\"contentUrl\":\"https:\\\/\\\/www.blaudemar.cat\\\/wp-content\\\/uploads\\\/2021\\\/01\\\/facana.jpg\",\"width\":1920,\"height\":1000,\"caption\":\"Reserva Restaurant Blau de Mar Arenys de Mar (Maresme)\"},{\"@type\":\"BreadcrumbList\",\"@id\":\"https:\\\/\\\/www.blaudemar.cat\\\/es\\\/reserva\\\/#breadcrumb\",\"itemListElement\":[{\"@type\":\"ListItem\",\"position\":1,\"name\":\"Inicio\",\"item\":\"https:\\\/\\\/www.blaudemar.cat\\\/es\\\/\"},{\"@type\":\"ListItem\",\"position\":2,\"name\":\"RESERVA\"}]},{\"@type\":\"WebSite\",\"@id\":\"https:\\\/\\\/www.blaudemar.cat\\\/es\\\/#website\",\"url\":\"https:\\\/\\\/www.blaudemar.cat\\\/es\\\/\",\"name\":\"Restaurante Blau de Mar\",\"description\":\"Cocina de proximidad y producto de calidad en Arenys de Mar (Maresme)\",\"potentialAction\":[{\"@type\":\"SearchAction\",\"target\":{\"@type\":\"EntryPoint\",\"urlTemplate\":\"https:\\\/\\\/www.blaudemar.cat\\\/es\\\/?s={search_term_string}\"},\"query-input\":{\"@type\":\"PropertyValueSpecification\",\"valueRequired\":true,\"valueName\":\"search_term_string\"}}],\"inLanguage\":\"es\"}]}<\/script>\n<!-- \/ Yoast SEO plugin. -->","yoast_head_json":{"title":"RESERVA - Restaurante Blau de Mar","description":"Haz tu reserva en el Restaurante Blau de Mar de Arenys de Mar (Maresme) a trav\u00e9s de las diferentes opciones que encontrar\u00e1s en esta p\u00e1gina web.","robots":{"index":"index","follow":"follow","max-snippet":"max-snippet:-1","max-image-preview":"max-image-preview:large","max-video-preview":"max-video-preview:-1"},"canonical":"https:\/\/www.blaudemar.cat\/es\/reserva\/","og_locale":"es_ES","og_type":"article","og_title":"RESERVA - Restaurante Blau de Mar","og_description":"Haz tu reserva en el Restaurante Blau de Mar de Arenys de Mar (Maresme) a trav\u00e9s de las diferentes opciones que encontrar\u00e1s en esta p\u00e1gina web.","og_url":"https:\/\/www.blaudemar.cat\/es\/reserva\/","og_site_name":"Restaurante Blau de Mar","article_modified_time":"2022-10-25T05:59:33+00:00","og_image":[{"width":1920,"height":1000,"url":"https:\/\/www.blaudemar.cat\/wp-content\/uploads\/2021\/01\/facana.jpg","type":"image\/jpeg"}],"twitter_card":"summary_large_image","twitter_misc":{"Tiempo de lectura":"2 minutos"},"schema":{"@context":"https:\/\/schema.org","@graph":[{"@type":"WebPage","@id":"https:\/\/www.blaudemar.cat\/es\/reserva\/","url":"https:\/\/www.blaudemar.cat\/es\/reserva\/","name":"RESERVA - Restaurante Blau de Mar","isPartOf":{"@id":"https:\/\/www.blaudemar.cat\/es\/#website"},"primaryImageOfPage":{"@id":"https:\/\/www.blaudemar.cat\/es\/reserva\/#primaryimage"},"image":{"@id":"https:\/\/www.blaudemar.cat\/es\/reserva\/#primaryimage"},"thumbnailUrl":"https:\/\/www.blaudemar.cat\/wp-content\/uploads\/2021\/01\/facana.jpg","datePublished":"2022-09-21T09:31:18+00:00","dateModified":"2022-10-25T05:59:33+00:00","description":"Haz tu reserva en el Restaurante Blau de Mar de Arenys de Mar (Maresme) a trav\u00e9s de las diferentes opciones que encontrar\u00e1s en esta p\u00e1gina web.","breadcrumb":{"@id":"https:\/\/www.blaudemar.cat\/es\/reserva\/#breadcrumb"},"inLanguage":"es","potentialAction":[{"@type":"ReadAction","target":["https:\/\/www.blaudemar.cat\/es\/reserva\/"]}]},{"@type":"ImageObject","inLanguage":"es","@id":"https:\/\/www.blaudemar.cat\/es\/reserva\/#primaryimage","url":"https:\/\/www.blaudemar.cat\/wp-content\/uploads\/2021\/01\/facana.jpg","contentUrl":"https:\/\/www.blaudemar.cat\/wp-content\/uploads\/2021\/01\/facana.jpg","width":1920,"height":1000,"caption":"Reserva Restaurant Blau de Mar Arenys de Mar (Maresme)"},{"@type":"BreadcrumbList","@id":"https:\/\/www.blaudemar.cat\/es\/reserva\/#breadcrumb","itemListElement":[{"@type":"ListItem","position":1,"name":"Inicio","item":"https:\/\/www.blaudemar.cat\/es\/"},{"@type":"ListItem","position":2,"name":"RESERVA"}]},{"@type":"WebSite","@id":"https:\/\/www.blaudemar.cat\/es\/#website","url":"https:\/\/www.blaudemar.cat\/es\/","name":"Restaurante Blau de Mar","description":"Cocina de proximidad y producto de calidad en Arenys de Mar (Maresme)","potentialAction":[{"@type":"SearchAction","target":{"@type":"EntryPoint","urlTemplate":"https:\/\/www.blaudemar.cat\/es\/?s={search_term_string}"},"query-input":{"@type":"PropertyValueSpecification","valueRequired":true,"valueName":"search_term_string"}}],"inLanguage":"es"}]}},"_links":{"self":[{"href":"https:\/\/www.blaudemar.cat\/es\/wp-json\/wp\/v2\/pages\/17113","targetHints":{"allow":["GET"]}}],"collection":[{"href":"https:\/\/www.blaudemar.cat\/es\/wp-json\/wp\/v2\/pages"}],"about":[{"href":"https:\/\/www.blaudemar.cat\/es\/wp-json\/wp\/v2\/types\/page"}],"author":[{"embeddable":true,"href":"https:\/\/www.blaudemar.cat\/es\/wp-json\/wp\/v2\/users\/2"}],"replies":[{"embeddable":true,"href":"https:\/\/www.blaudemar.cat\/es\/wp-json\/wp\/v2\/comments?post=17113"}],"version-history":[{"count":4,"href":"https:\/\/www.blaudemar.cat\/es\/wp-json\/wp\/v2\/pages\/17113\/revisions"}],"predecessor-version":[{"id":17143,"href":"https:\/\/www.blaudemar.cat\/es\/wp-json\/wp\/v2\/pages\/17113\/revisions\/17143"}],"wp:featuredmedia":[{"embeddable":true,"href":"https:\/\/www.blaudemar.cat\/es\/wp-json\/wp\/v2\/media\/17019"}],"wp:attachment":[{"href":"https:\/\/www.blaudemar.cat\/es\/wp-json\/wp\/v2\/media?parent=17113"}],"curies":[{"name":"wp","href":"https:\/\/api.w.org\/{rel}","templated":true}]}}