{"id":17110,"date":"2021-01-08T09:51:04","date_gmt":"2021-01-08T08:51:04","guid":{"rendered":"https:\/\/www.blaudemar.cat\/politica-de-cookies\/"},"modified":"2022-10-24T17:08:55","modified_gmt":"2022-10-24T16:08:55","slug":"politica-de-cookies","status":"publish","type":"page","link":"https:\/\/www.blaudemar.cat\/es\/politica-de-cookies\/","title":{"rendered":"Pol\u00edtica de cookies"},"content":{"rendered":"<p>[vc_row css_animation=\u00bb\u00bb row_type=\u00bbrow\u00bb use_row_as_full_screen_section=\u00bbno\u00bb type=\u00bbfull_width\u00bb angled_section=\u00bbno\u00bb text_align=\u00bbleft\u00bb background_image_as_pattern=\u00bbwithout_pattern\u00bb][vc_column][vc_column_text]<\/p>\n<div class=\"tm-section-content-header-wrapper\">\n<div class=\"tm-zone-content-main-title\">\n<h3>POL\u00cdTICA DE COOKIES<\/h3>\n<\/div>\n<\/div>\n<p>&nbsp;<\/p>\n<div class=\"tm-section-content-wrapper\">\n<div class=\"tm-section-content\">\n<div class=\"tm-zone-content-main\">\n<div id=\"node-3\" class=\"tm-zone-node-wrapper\">\n<div class=\"tm-zone-node tm-zone-page node node-page\">\n<p>Una cookie es un peque\u00f1o archivo que se almacena en el ordenador del usuario y nos permite reconocerla. El conjunto de cookies nos ayuda a mejorar la calidad de nuestra web, permiti\u00e9ndonos controlar qu\u00e9 p\u00e1ginas consideran como \u00fatiles los usuarios y cu\u00e1les no.<\/p>\n<p>&nbsp;<\/p>\n<div class=\"tm-node-body-wrapper\">\n<div class=\"tm-node-body\">\n<div class=\"tm-body-wrapper\">\n<div class=\"field field-name-body field-type-text-with-summary field-label-hidden\">\n<div class=\"field-items\">\n<div class=\"field-item even\">\n<p>Las cookies son esenciales para el funcionamiento de internet, aportando numerosas ventajas en la prestaci\u00f3n de servicios interactivos, facilitando la navegaci\u00f3n y la usabilidad de nuestro sitio web. Tenga en cuenta que las cookies no pueden perjudicar a su equipo y que, en cambio, el hecho de que est\u00e9n activadas nos ayudan a identificar y resolver los errores. La informaci\u00f3n que le proporcionamos a continuaci\u00f3n le ayudar\u00e1 a comprender los diferentes tipos de cookies:<\/p>\n<p>&nbsp;<\/p>\n<p><strong>Cookies de sesi\u00f3n<\/strong>: son cookies temporales que permanecen en el archivo de cookies de su navegador hasta que se abandona la p\u00e1gina web, por lo que ninguna queda registrada en el disco duro del usuario. La informaci\u00f3n obtenida por medio de estas cookies sirve para analizar pautas de tr\u00e1fico en la web. En un futuro, esto nos permite proporcionar una mejor experiencia para mejorar su contenido y facilitar su uso.<\/p>\n<p>&nbsp;<\/p>\n<p><strong>Cookies permanentes<\/strong>: son almacenadas en el disco duro y nuestra web las lee cada vez que usted realiza una nueva visita. Una cookie permanente posee una fecha de expiraci\u00f3n determinada. La cookie dejar\u00e1 de funcionar despu\u00e9s de esa fecha. La usamos, generalmente, para facilitar los servicios de compra y registro.<\/p>\n<p>&nbsp;<\/p>\n<p>A continuaci\u00f3n publicamos una relaci\u00f3n de las principales cookies utilizadas en nuestra web, diferenciando:<\/p>\n<p>&nbsp;<\/p>\n<p>Las cookies estrictamente necesarias, como por ejemplo, aquellas que sirven para una correcta navegaci\u00f3n o las que permiten realizar el pago de bienes o servicios solicitados por el usuario o cookies que sirven para asegurar que el contenido de la p\u00e1gina web se carga de forma eficaz.<\/p>\n<p>&nbsp;<\/p>\n<p>Las cookies de terceros, como por ejemplo, las utilizadas por las redes sociales o por complementos externos de contenido como Google Maps.<\/p>\n<p>&nbsp;<\/p>\n<p>Las cookies anal\u00edticas con prop\u00f3sitos de mantenimiento diario y con la voluntad de garantizar el mejor servicio posible al usuario: los sitios web utilizan normalmente cookies &#8216;anal\u00edticas&#8217; para recopilar datos estad\u00edsticos de la actividad.<\/p>\n<p>&nbsp;<\/p>\n<h4>GARANT\u00cdAS COMPLEMENTARIAS &#8211; GESTI\u00d3N DE COOKIES<\/h4>\n<\/div>\n<\/div>\n<\/div>\n<\/div>\n<\/div>\n<\/div>\n<div class=\"tm-node-body-wrapper\">\n<div class=\"tm-node-body\">\n<div class=\"tm-body-wrapper\">\n<div class=\"field field-name-body field-type-text-with-summary field-label-hidden\">\n<div class=\"field-items\">\n<div class=\"field-item even\">\n<p>&nbsp;<\/p>\n<\/div>\n<\/div>\n<p>Como garant\u00eda complementaria a las anteriormente descritas, el registro de las cookies podr\u00e1 estar sujeto a su aceptaci\u00f3n durante la instalaci\u00f3n o actualizaci\u00f3n del navegador utilizado, pudiendo esta aceptaci\u00f3n en todo momento ser revocada mediante las opciones disponibles de configuraci\u00f3n de contenidos y privacidad. Muchos navegadores permiten activar un modo privado mediante el cual las cookies se suprimen siempre despu\u00e9s de su visita. En funci\u00f3n de cada navegador, este modo privado puede tener distintos nombres: InPrivate, Navegaci\u00f3n Privada o Inc\u00f3gnita, entre otros.<\/p>\n<p>&nbsp;<\/p>\n<p>El usuario podr\u00e1, en cualquier momento, elegir qu\u00e9 cookies desea que funcionen en este sitio web mediante la configuraci\u00f3n del navegador. En este caso, el Restaurante Blau de Mar no garantiza el correcto funcionamiento de la web.<\/p>\n<p>&nbsp;<\/p>\n<p>Para modificar la configuraci\u00f3n del navegador es necesario consultar la ayuda del fabricante. Por ejemplo:<\/p>\n<p>&nbsp;<\/p>\n<ul>\n<li>Firefox, desde <a href=\"https:\/\/support.mozilla.org\/es\/kb\/habilitar-y-deshabilitar-cookies-sitios-web-rastrear-preferencias\">https:\/\/support.mozilla.org\/es\/kb\/habilitar-y-deshabilitar-cookies-sitios-web-rastrear-preferencias<\/a><\/li>\n<li>Safari, desde <a href=\"http:\/\/support.apple.com\/kb\/ph5042\" target=\"_blank\" rel=\"noopener noreferrer\">http:\/\/support.apple.com\/kb\/ph5042<\/a><\/li>\n<li>Chrome, desde <a href=\"https:\/\/support.google.com\/chrome\/answer\/95647?hl=es\">https:\/\/support.google.com\/chrome\/answer\/95647?hl=es<\/a><\/li>\n<li>Explorer, desde <a href=\"https:\/\/support.microsoft.com\/es-es\/help\/17442\/windows-internet-explorer-delete-manage-cookies\">https:\/\/support.microsoft.com\/es-es\/help\/17442\/windows-internet-explorer-delete-manage-cookies<\/a><\/li>\n<\/ul>\n<\/div>\n<\/div>\n<\/div>\n<\/div>\n<\/div>\n<p>&nbsp;<\/p>\n<div class=\"tm-zone-node tm-zone-page node node-page\">\n<div class=\"tm-node-body-wrapper\">\n<div class=\"tm-node-body\">\n<div class=\"tm-body-wrapper\">\n<h3><\/h3>\n<h4>COOKIES DE TERCEROS<\/h4>\n<p>El sitio web utiliza los servicios de Google Analytics que pueden instalar cookies que sirven para obtener estad\u00edsticas y datos publicitarios. El sitio web tambi\u00e9n incluye otras funcionalidades proporcionadas por las redes sociales y que pueden instalar cookies.<\/p>\n<\/div>\n<\/div>\n<\/div>\n<\/div>\n<\/div>\n<\/div>\n<\/div>\n<\/div>\n<p>&nbsp;<\/p>\n<p>&nbsp;<\/p>\n<div class=\"tm-section-content-wrapper\">\n<div class=\"tm-section-content\">\n<div class=\"tm-zone-content-main\">\n<div id=\"node-3\" class=\"tm-zone-node-wrapper\">\n<div class=\"tm-zone-node tm-zone-page node node-page\">\n<div class=\"tm-node-body-wrapper\">\n<div class=\"tm-node-body\">\n<div class=\"tm-body-wrapper\">\n<h4>CONTACTO<\/h4>\n<p>En caso de duda sobre la pol\u00edtica de cookies o si quieres enviarnos cualquier comentario sobre el sitio web, puede hacerlo a trav\u00e9s del correo electr\u00f3nico <a class=\"mkdf-icon-widget-holder mkdf-icon-has-hover\" href=\"mailto:restaurant@blaudemar.cat\" target=\"_blank\" rel=\"noopener noreferrer\" data-hover-color=\"#f0f0f0\">RESTAURANT@BLAUDEMAR.CAT<\/a><\/p>\n<p>&nbsp;<\/p>\n<\/div>\n<\/div>\n<\/div>\n<\/div>\n<\/div>\n<\/div>\n<\/div>\n<\/div>\n<p>[\/vc_column_text][\/vc_column][\/vc_row]<\/p>\n","protected":false},"excerpt":{"rendered":"<p>[vc_row css_animation=\u00bb\u00bb row_type=\u00bbrow\u00bb use_row_as_full_screen_section=\u00bbno\u00bb type=\u00bbfull_width\u00bb angled_section=\u00bbno\u00bb text_align=\u00bbleft\u00bb background_image_as_pattern=\u00bbwithout_pattern\u00bb][vc_column][vc_column_text] POL\u00cdTICA DE COOKIES &nbsp; Una cookie es un peque\u00f1o archivo que se almacena en el ordenador del usuario y nos permite reconocerla. El conjunto de cookies nos ayuda a mejorar la calidad de nuestra web, permiti\u00e9ndonos controlar&#8230;<\/p>\n","protected":false},"author":2,"featured_media":17003,"parent":0,"menu_order":0,"comment_status":"closed","ping_status":"closed","template":"","meta":{"footnotes":""},"class_list":["post-17110","page","type-page","status-publish","has-post-thumbnail","hentry"],"yoast_head":"<!-- This site is optimized with the Yoast SEO plugin v27.5 - https:\/\/yoast.com\/product\/yoast-seo-wordpress\/ -->\n<title>Pol\u00edtica de cookies - Restaurante Blau de Mar<\/title>\n<meta name=\"description\" content=\"Las cookies nos ayudan a mejorar la experiencia del usuario en la p\u00e1gina web. Consulta la pol\u00edtica de cookies que aplicamos.\" \/>\n<meta name=\"robots\" content=\"index, nofollow, max-snippet:-1, max-image-preview:large, max-video-preview:-1\" \/>\n<link rel=\"canonical\" href=\"https:\/\/www.blaudemar.cat\/es\/politica-de-cookies\/\" \/>\n<meta property=\"og:locale\" content=\"es_ES\" \/>\n<meta property=\"og:type\" content=\"article\" \/>\n<meta property=\"og:title\" content=\"Pol\u00edtica de cookies - Restaurante Blau de Mar\" \/>\n<meta property=\"og:description\" content=\"Las cookies nos ayudan a mejorar la experiencia del usuario en la p\u00e1gina web. Consulta la pol\u00edtica de cookies que aplicamos.\" \/>\n<meta property=\"og:url\" content=\"https:\/\/www.blaudemar.cat\/es\/politica-de-cookies\/\" \/>\n<meta property=\"og:site_name\" content=\"Restaurante Blau de Mar\" \/>\n<meta property=\"article:modified_time\" content=\"2022-10-24T16:08:55+00:00\" \/>\n<meta property=\"og:image\" content=\"https:\/\/www.blaudemar.cat\/wp-content\/uploads\/2020\/12\/LOGOblaudemar_QUADRAT_.jpg\" \/>\n\t<meta property=\"og:image:width\" content=\"1135\" \/>\n\t<meta property=\"og:image:height\" content=\"1132\" \/>\n\t<meta property=\"og:image:type\" content=\"image\/jpeg\" \/>\n<meta name=\"twitter:card\" content=\"summary_large_image\" \/>\n<meta name=\"twitter:label1\" content=\"Tiempo de lectura\" \/>\n\t<meta name=\"twitter:data1\" content=\"4 minutos\" \/>\n<script type=\"application\/ld+json\" class=\"yoast-schema-graph\">{\"@context\":\"https:\\\/\\\/schema.org\",\"@graph\":[{\"@type\":\"WebPage\",\"@id\":\"https:\\\/\\\/www.blaudemar.cat\\\/es\\\/politica-de-cookies\\\/\",\"url\":\"https:\\\/\\\/www.blaudemar.cat\\\/es\\\/politica-de-cookies\\\/\",\"name\":\"Pol\u00edtica de cookies - Restaurante Blau de Mar\",\"isPartOf\":{\"@id\":\"https:\\\/\\\/www.blaudemar.cat\\\/es\\\/#website\"},\"primaryImageOfPage\":{\"@id\":\"https:\\\/\\\/www.blaudemar.cat\\\/es\\\/politica-de-cookies\\\/#primaryimage\"},\"image\":{\"@id\":\"https:\\\/\\\/www.blaudemar.cat\\\/es\\\/politica-de-cookies\\\/#primaryimage\"},\"thumbnailUrl\":\"https:\\\/\\\/www.blaudemar.cat\\\/wp-content\\\/uploads\\\/2020\\\/12\\\/LOGOblaudemar_QUADRAT_.jpg\",\"datePublished\":\"2021-01-08T08:51:04+00:00\",\"dateModified\":\"2022-10-24T16:08:55+00:00\",\"description\":\"Las cookies nos ayudan a mejorar la experiencia del usuario en la p\u00e1gina web. Consulta la pol\u00edtica de cookies que aplicamos.\",\"breadcrumb\":{\"@id\":\"https:\\\/\\\/www.blaudemar.cat\\\/es\\\/politica-de-cookies\\\/#breadcrumb\"},\"inLanguage\":\"es\",\"potentialAction\":[{\"@type\":\"ReadAction\",\"target\":[\"https:\\\/\\\/www.blaudemar.cat\\\/es\\\/politica-de-cookies\\\/\"]}]},{\"@type\":\"ImageObject\",\"inLanguage\":\"es\",\"@id\":\"https:\\\/\\\/www.blaudemar.cat\\\/es\\\/politica-de-cookies\\\/#primaryimage\",\"url\":\"https:\\\/\\\/www.blaudemar.cat\\\/wp-content\\\/uploads\\\/2020\\\/12\\\/LOGOblaudemar_QUADRAT_.jpg\",\"contentUrl\":\"https:\\\/\\\/www.blaudemar.cat\\\/wp-content\\\/uploads\\\/2020\\\/12\\\/LOGOblaudemar_QUADRAT_.jpg\",\"width\":1135,\"height\":1132},{\"@type\":\"BreadcrumbList\",\"@id\":\"https:\\\/\\\/www.blaudemar.cat\\\/es\\\/politica-de-cookies\\\/#breadcrumb\",\"itemListElement\":[{\"@type\":\"ListItem\",\"position\":1,\"name\":\"Inicio\",\"item\":\"https:\\\/\\\/www.blaudemar.cat\\\/es\\\/\"},{\"@type\":\"ListItem\",\"position\":2,\"name\":\"Pol\u00edtica de cookies\"}]},{\"@type\":\"WebSite\",\"@id\":\"https:\\\/\\\/www.blaudemar.cat\\\/es\\\/#website\",\"url\":\"https:\\\/\\\/www.blaudemar.cat\\\/es\\\/\",\"name\":\"Restaurante Blau de Mar\",\"description\":\"Cocina de proximidad y producto de calidad en Arenys de Mar (Maresme)\",\"potentialAction\":[{\"@type\":\"SearchAction\",\"target\":{\"@type\":\"EntryPoint\",\"urlTemplate\":\"https:\\\/\\\/www.blaudemar.cat\\\/es\\\/?s={search_term_string}\"},\"query-input\":{\"@type\":\"PropertyValueSpecification\",\"valueRequired\":true,\"valueName\":\"search_term_string\"}}],\"inLanguage\":\"es\"}]}<\/script>\n<!-- \/ Yoast SEO plugin. -->","yoast_head_json":{"title":"Pol\u00edtica de cookies - Restaurante Blau de Mar","description":"Las cookies nos ayudan a mejorar la experiencia del usuario en la p\u00e1gina web. Consulta la pol\u00edtica de cookies que aplicamos.","robots":{"index":"index","follow":"nofollow","max-snippet":"max-snippet:-1","max-image-preview":"max-image-preview:large","max-video-preview":"max-video-preview:-1"},"canonical":"https:\/\/www.blaudemar.cat\/es\/politica-de-cookies\/","og_locale":"es_ES","og_type":"article","og_title":"Pol\u00edtica de cookies - Restaurante Blau de Mar","og_description":"Las cookies nos ayudan a mejorar la experiencia del usuario en la p\u00e1gina web. Consulta la pol\u00edtica de cookies que aplicamos.","og_url":"https:\/\/www.blaudemar.cat\/es\/politica-de-cookies\/","og_site_name":"Restaurante Blau de Mar","article_modified_time":"2022-10-24T16:08:55+00:00","og_image":[{"width":1135,"height":1132,"url":"https:\/\/www.blaudemar.cat\/wp-content\/uploads\/2020\/12\/LOGOblaudemar_QUADRAT_.jpg","type":"image\/jpeg"}],"twitter_card":"summary_large_image","twitter_misc":{"Tiempo de lectura":"4 minutos"},"schema":{"@context":"https:\/\/schema.org","@graph":[{"@type":"WebPage","@id":"https:\/\/www.blaudemar.cat\/es\/politica-de-cookies\/","url":"https:\/\/www.blaudemar.cat\/es\/politica-de-cookies\/","name":"Pol\u00edtica de cookies - Restaurante Blau de Mar","isPartOf":{"@id":"https:\/\/www.blaudemar.cat\/es\/#website"},"primaryImageOfPage":{"@id":"https:\/\/www.blaudemar.cat\/es\/politica-de-cookies\/#primaryimage"},"image":{"@id":"https:\/\/www.blaudemar.cat\/es\/politica-de-cookies\/#primaryimage"},"thumbnailUrl":"https:\/\/www.blaudemar.cat\/wp-content\/uploads\/2020\/12\/LOGOblaudemar_QUADRAT_.jpg","datePublished":"2021-01-08T08:51:04+00:00","dateModified":"2022-10-24T16:08:55+00:00","description":"Las cookies nos ayudan a mejorar la experiencia del usuario en la p\u00e1gina web. Consulta la pol\u00edtica de cookies que aplicamos.","breadcrumb":{"@id":"https:\/\/www.blaudemar.cat\/es\/politica-de-cookies\/#breadcrumb"},"inLanguage":"es","potentialAction":[{"@type":"ReadAction","target":["https:\/\/www.blaudemar.cat\/es\/politica-de-cookies\/"]}]},{"@type":"ImageObject","inLanguage":"es","@id":"https:\/\/www.blaudemar.cat\/es\/politica-de-cookies\/#primaryimage","url":"https:\/\/www.blaudemar.cat\/wp-content\/uploads\/2020\/12\/LOGOblaudemar_QUADRAT_.jpg","contentUrl":"https:\/\/www.blaudemar.cat\/wp-content\/uploads\/2020\/12\/LOGOblaudemar_QUADRAT_.jpg","width":1135,"height":1132},{"@type":"BreadcrumbList","@id":"https:\/\/www.blaudemar.cat\/es\/politica-de-cookies\/#breadcrumb","itemListElement":[{"@type":"ListItem","position":1,"name":"Inicio","item":"https:\/\/www.blaudemar.cat\/es\/"},{"@type":"ListItem","position":2,"name":"Pol\u00edtica de cookies"}]},{"@type":"WebSite","@id":"https:\/\/www.blaudemar.cat\/es\/#website","url":"https:\/\/www.blaudemar.cat\/es\/","name":"Restaurante Blau de Mar","description":"Cocina de proximidad y producto de calidad en Arenys de Mar (Maresme)","potentialAction":[{"@type":"SearchAction","target":{"@type":"EntryPoint","urlTemplate":"https:\/\/www.blaudemar.cat\/es\/?s={search_term_string}"},"query-input":{"@type":"PropertyValueSpecification","valueRequired":true,"valueName":"search_term_string"}}],"inLanguage":"es"}]}},"_links":{"self":[{"href":"https:\/\/www.blaudemar.cat\/es\/wp-json\/wp\/v2\/pages\/17110","targetHints":{"allow":["GET"]}}],"collection":[{"href":"https:\/\/www.blaudemar.cat\/es\/wp-json\/wp\/v2\/pages"}],"about":[{"href":"https:\/\/www.blaudemar.cat\/es\/wp-json\/wp\/v2\/types\/page"}],"author":[{"embeddable":true,"href":"https:\/\/www.blaudemar.cat\/es\/wp-json\/wp\/v2\/users\/2"}],"replies":[{"embeddable":true,"href":"https:\/\/www.blaudemar.cat\/es\/wp-json\/wp\/v2\/comments?post=17110"}],"version-history":[{"count":2,"href":"https:\/\/www.blaudemar.cat\/es\/wp-json\/wp\/v2\/pages\/17110\/revisions"}],"predecessor-version":[{"id":17112,"href":"https:\/\/www.blaudemar.cat\/es\/wp-json\/wp\/v2\/pages\/17110\/revisions\/17112"}],"wp:featuredmedia":[{"embeddable":true,"href":"https:\/\/www.blaudemar.cat\/es\/wp-json\/wp\/v2\/media\/17003"}],"wp:attachment":[{"href":"https:\/\/www.blaudemar.cat\/es\/wp-json\/wp\/v2\/media?parent=17110"}],"curies":[{"name":"wp","href":"https:\/\/api.w.org\/{rel}","templated":true}]}}