{"id":17108,"date":"2020-12-10T12:37:45","date_gmt":"2020-12-10T11:37:45","guid":{"rendered":"https:\/\/www.blaudemar.cat\/politica-de-privacidad\/"},"modified":"2022-10-24T17:28:23","modified_gmt":"2022-10-24T16:28:23","slug":"politica-de-privacidad","status":"publish","type":"page","link":"https:\/\/www.blaudemar.cat\/es\/politica-de-privacidad\/","title":{"rendered":"Pol\u00edtica de privacidad"},"content":{"rendered":"<p>[vc_row css_animation=\u00bb\u00bb row_type=\u00bbrow\u00bb use_row_as_full_screen_section=\u00bbno\u00bb type=\u00bbfull_width\u00bb angled_section=\u00bbno\u00bb text_align=\u00bbleft\u00bb background_image_as_pattern=\u00bbwithout_pattern\u00bb][vc_column][vc_column_text]<\/p>\n&#13;\n<h3 class=\"wp-block-heading\">AVISO LEGAL<\/h3>&#13;\n<p>\u00a0<\/p>&#13;\n<p>Bienvenido a la p\u00e1gina web del restaurante BLAU DE MAR.<\/p>&#13;\n<p>\u00a0<\/p>&#13;\n<p>A continuaci\u00f3n le exponemos los t\u00e9rminos y condiciones de uso de la presente p\u00e1gina web que deben seguir los usuarios de la misma. La navegaci\u00f3n a trav\u00e9s de esta web le confiere la condici\u00f3n de usuario de la misma, es por ello que le aconsejamos una atenta lectura de este aviso para proceder a su correcto uso, ya que toda utilizaci\u00f3n contraria a la aqu\u00ed prevista queda totalmente prohibida.<\/p>&#13;\n<p>\u00a0<\/p>&#13;\n<p>\nDe conformidad con lo dispuesto en el art. 10 de la Ley 34\/2002 de 11 de julio sobre los servicios de la sociedad de la informaci\u00f3n y de comercio electr\u00f3nico, ponemos a su disposici\u00f3n la siguiente informaci\u00f3n:\r\n<p>\n1- blaudemar.cat es un dominio en la titularidad de ROYAL CUSTOM S.L., con domicilio en Passeig Joan de Borbo, 92, 08039 Barcelona., tel\u00e9fono (34) 93 158 60 65, correo electr\u00f3nico <a href=\"mailto:irestaurant@blaudemar.cat\" target=\"_blank\" rel=\"noreferrer noopener\">restaurant@blaudemar.cat<\/a>&#13;\n<p>\nLa utilizaci\u00f3n de la p\u00e1gina web de BLAU DE MAR y los servicios y productos que en ella se contienen suponen por parte de los usuarios la aceptaci\u00f3n de las Condiciones Generales de Uso expuestas a continuaci\u00f3n.&#13;\n<p><\/p><\/p>\n<p>\n<strong>CONDICIONES DE USO<\/strong>&#13;\n<p><\/p><\/p>\n<p>\n1.- Accediendo y utilizando esta p\u00e1gina web, usted acuerda obligarse a las condiciones que a continuaci\u00f3n se exponen, por lo que se le recomienda que lea cuidadosamente esta secci\u00f3n antes de comenzar. BLAU DE MAR se reserva el derecho de cambiar, modificar, a\u00f1adir o eliminar en cualquier momento parte de estas condiciones y hacer cambios en los productos y programas recogidos en esta p\u00e1gina sin previo aviso. Rogamos revise peri\u00f3dicamente los posibles cambios.&#13;\n<p><\/p><\/p>\n<p>\n2.- Limitaciones de uso. Limitaci\u00f3n al uso personal y no comercial. Este sitio web es para su uso personal y nunca comercial. Queda prohibido modificar, copiar, distribuir, transmitir, reproducir, publicar, comercializar, vender o cualquier otra actividad que se pueda realizar con el contenido de estas p\u00e1ginas web, ni a\u00fan citando las fuentes, salvo consentimiento por escrito de BLAU DE MAR.&#13;\n<p><\/p><\/p>\n<p>\n3.- Responsabilidades. El uso de esta p\u00e1gina web se realiza bajo su propio riesgo. Por tanto, ni BLAU DE MAR ni sus representantes ser\u00e1n responsables de cualquier p\u00e9rdida o perjuicio, o da\u00f1os, ni directos ni indirectos, ni especiales ni causales, de cualquier forma conectados con o que resulten del uso de esta p\u00e1gina o de cualquier informaci\u00f3n de BLAU DE MAR. Los documentos y fotograf\u00edas publicados en esta web podr\u00edan incluir inconsistencias t\u00e9cnicas o errores tipogr\u00e1ficos. La informaci\u00f3n est\u00e1 sometida a cambios peri\u00f3dicos y BLAU DE MAR puede realizar en cualquier momento mejoras o cambios en los productos o programas aqu\u00ed descritos. BLAU DE MAR no responde de la veracidad de las informaciones que no sean de elaboraci\u00f3n propia y de las que se indique por otra fuente, por lo que tampoco asume responsabilidad alguna en cuanto a hipot\u00e9ticos perjuicios que pudieran originarse por el uso de dicha informaci\u00f3n.&#13;\n<p><\/p><\/p>\n<p>\n4.- Copyright e informaci\u00f3n sobre Derecho de Propiedad Industrial e Intelectual. Esta p\u00e1gina contiene y hace referencia a marcas registradas y otros derechos de propiedad industrial e intelectual bajo licencia de BLAU DE MAR, respecto de los cuales no se concede ning\u00fan derecho a terceros. Todo el contenido de esta p\u00e1gina, como texto, gr\u00e1ficos, logos, iconos, im\u00e1genes, recopilaciones de datos, as\u00ed como software, es exclusiva propiedad de BLAU DE MAR, y todo ello protegido por las leyes de copyright internacional. BLAU DE MAR se reserva el uso de acciones judiciales civiles y\/o criminales contra aquellas personas f\u00edsicas o jur\u00eddicas y sus representantes que violen lo dispuesto en las presentes condiciones legales de uso, en especial en lo que concierne a derechos de copyright.\r\n<p>\n\u200b\r\n<p>\n5.- Enlaces. BLAU DE MAR no asume responsabilidad alguna por la informaci\u00f3n contenida en p\u00e1ginas web de terceros a las que se pueda acceder por enlaces (links) o buscadores de la p\u00e1gina web de BLAU DE MAR. Su presencia en la p\u00e1gina web de BLAU DE MAR tiene finalidad meramente informativa y en ning\u00fan caso supone sugerencia, invitaci\u00f3n o recomendaci\u00f3n sobre los mismos. El sitio web del restaurante BLAU DE MAR puede contener enlaces hacia p\u00e1ginas web de otras empresas a las que no se hace extensiva esta Declaraci\u00f3n sobre Protecci\u00f3n de Datos.&#13;\n<p>As\u00ed, las reservas para el restaurante Blau de Mar a trav\u00e9s de esta web se realizan mediante acceso externo al sistema de reservas de la web www.restoo.me es Team Interactive S.L. Para ello, en los apartados de reserva de esta web se ha previsto un \u201clink\u201d de acceso a la p\u00e1gina web titularidad de la sociedad Team Interactive S.L.<\/p>&#13;\n<p>\nCualquier usuario que haya efectuado una reserva online para el restaurante BLAU DE MAR, puede en cualquier momento ejercer el derecho a acceder, rectificar, oponerse y, en su caso, cancelar sus datos de car\u00e1cter personal suministrados, mediante petici\u00f3n escrita dirigida a: <a href=\"mailto:restaurant@blaudemar.cat\" target=\"_blank\" rel=\"noopener\">restaurant@blaudemar.cat<\/a>&#13;\n<p>\u200b<\/p>&#13;\n<p>\u00a0<\/p>&#13;\n<p data-fontsize=\"13\" data-lineheight=\"20\">6.- Recogida autom\u00e1tica de otras informaciones (\u201ccookies\u201d). Cuando usted accede a nuestra p\u00e1gina web, se recogen ocasionalmente informaciones de forma autom\u00e1tica no referidas a una determinada persona. BLAU DE MAR utiliza estas informaciones para conocer si nuestra p\u00e1gina web es atractiva as\u00ed como para mejorar su contenido. Cuando usted visita nuestra p\u00e1gina web, puede ocurrir que se archiven informaciones en forma de \u00abcookie\u00bb en su ordenador, para as\u00ed ser reconocido autom\u00e1ticamente en su pr\u00f3xima visita. En ning\u00fan caso se utilizar\u00e1n las \u201ccookies\u201d para recoger informaci\u00f3n de car\u00e1cter personal.<\/p>&#13;\n<p>El sitio Web utiliza Google Analytics, servicio de an\u00e1lisis de terceros. BLAU DE MAR utiliza la informaci\u00f3n para obtener datos estad\u00edsticos, analizar tendencias, administrar el sitio, estudiar patrones de navegaci\u00f3n y para recopilar informaci\u00f3n demogr\u00e1fica. Puede rechazar el tratamiento de datos o de informaci\u00f3n no aceptando el uso de cookies en todo momento.<\/p>&#13;\n<p>\u00a0<\/p>&#13;\n<p data-fontsize=\"13\" data-lineheight=\"20\">Para utilizar esta web, no resulta necesario que el usuario permita la instalaci\u00f3n de las \u201ccookies\u201d enviadas por el sitio web, por lo tanto, el usuario tiene la posibilidad de configurar su navegador para ser avisado de la recepci\u00f3n de \u201ccookies\u201d y para impedir su instalaci\u00f3n en su equipo. Por favor, consulte las instrucciones y manuales de su navegador para ampliar esta informaci\u00f3n.<\/p>&#13;\n<p>\u200b<\/p>&#13;\n<p data-fontsize=\"13\" data-lineheight=\"20\"><\/p><\/p>\n<p>&nbsp;<\/p>\n<p>[\/vc_column_text][\/vc_column][\/vc_row]<\/p>\n","protected":false},"excerpt":{"rendered":"<p>[vc_row css_animation=\u00bb\u00bb row_type=\u00bbrow\u00bb use_row_as_full_screen_section=\u00bbno\u00bb type=\u00bbfull_width\u00bb angled_section=\u00bbno\u00bb text_align=\u00bbleft\u00bb background_image_as_pattern=\u00bbwithout_pattern\u00bb][vc_column][vc_column_text] &#13; AVISO LEGAL &#13; \u00a0 &#13; Bienvenido a la p\u00e1gina web del restaurante BLAU DE MAR. &#13; \u00a0 &#13; A continuaci\u00f3n le exponemos los t\u00e9rminos y condiciones de uso de la presente p\u00e1gina web que deben seguir&#8230;<\/p>\n","protected":false},"author":2,"featured_media":17003,"parent":0,"menu_order":0,"comment_status":"closed","ping_status":"closed","template":"","meta":{"footnotes":""},"class_list":["post-17108","page","type-page","status-publish","has-post-thumbnail","hentry"],"yoast_head":"<!-- This site is optimized with the Yoast SEO plugin v27.5 - https:\/\/yoast.com\/product\/yoast-seo-wordpress\/ -->\n<title>Pol\u00edtica de privacidad - Restaurante Blau de Mar<\/title>\n<meta name=\"description\" content=\"Consulta con detalle las cl\u00e1usulas que incorporan el Aviso Legal y la Pol\u00edtica de privacidad del sitio web del Restaurant Blau de Mar.\" \/>\n<meta name=\"robots\" content=\"index, nofollow, max-snippet:-1, max-image-preview:large, max-video-preview:-1\" \/>\n<link rel=\"canonical\" href=\"https:\/\/www.blaudemar.cat\/es\/politica-de-privacidad\/\" \/>\n<meta property=\"og:locale\" content=\"es_ES\" \/>\n<meta property=\"og:type\" content=\"article\" \/>\n<meta property=\"og:title\" content=\"Pol\u00edtica de privacidad - Restaurante Blau de Mar\" \/>\n<meta property=\"og:description\" content=\"Consulta con detalle las cl\u00e1usulas que incorporan el Aviso Legal y la Pol\u00edtica de privacidad del sitio web del Restaurant Blau de Mar.\" \/>\n<meta property=\"og:url\" content=\"https:\/\/www.blaudemar.cat\/es\/politica-de-privacidad\/\" \/>\n<meta property=\"og:site_name\" content=\"Restaurante Blau de Mar\" \/>\n<meta property=\"article:modified_time\" content=\"2022-10-24T16:28:23+00:00\" \/>\n<meta property=\"og:image\" content=\"https:\/\/www.blaudemar.cat\/wp-content\/uploads\/2020\/12\/LOGOblaudemar_QUADRAT_.jpg\" \/>\n\t<meta property=\"og:image:width\" content=\"1135\" \/>\n\t<meta property=\"og:image:height\" content=\"1132\" \/>\n\t<meta property=\"og:image:type\" content=\"image\/jpeg\" \/>\n<meta name=\"twitter:card\" content=\"summary_large_image\" \/>\n<meta name=\"twitter:label1\" content=\"Tiempo de lectura\" \/>\n\t<meta name=\"twitter:data1\" content=\"6 minutos\" \/>\n<script type=\"application\/ld+json\" class=\"yoast-schema-graph\">{\"@context\":\"https:\\\/\\\/schema.org\",\"@graph\":[{\"@type\":\"WebPage\",\"@id\":\"https:\\\/\\\/www.blaudemar.cat\\\/es\\\/politica-de-privacidad\\\/\",\"url\":\"https:\\\/\\\/www.blaudemar.cat\\\/es\\\/politica-de-privacidad\\\/\",\"name\":\"Pol\u00edtica de privacidad - Restaurante Blau de Mar\",\"isPartOf\":{\"@id\":\"https:\\\/\\\/www.blaudemar.cat\\\/es\\\/#website\"},\"primaryImageOfPage\":{\"@id\":\"https:\\\/\\\/www.blaudemar.cat\\\/es\\\/politica-de-privacidad\\\/#primaryimage\"},\"image\":{\"@id\":\"https:\\\/\\\/www.blaudemar.cat\\\/es\\\/politica-de-privacidad\\\/#primaryimage\"},\"thumbnailUrl\":\"https:\\\/\\\/www.blaudemar.cat\\\/wp-content\\\/uploads\\\/2020\\\/12\\\/LOGOblaudemar_QUADRAT_.jpg\",\"datePublished\":\"2020-12-10T11:37:45+00:00\",\"dateModified\":\"2022-10-24T16:28:23+00:00\",\"description\":\"Consulta con detalle las cl\u00e1usulas que incorporan el Aviso Legal y la Pol\u00edtica de privacidad del sitio web del Restaurant Blau de Mar.\",\"breadcrumb\":{\"@id\":\"https:\\\/\\\/www.blaudemar.cat\\\/es\\\/politica-de-privacidad\\\/#breadcrumb\"},\"inLanguage\":\"es\",\"potentialAction\":[{\"@type\":\"ReadAction\",\"target\":[\"https:\\\/\\\/www.blaudemar.cat\\\/es\\\/politica-de-privacidad\\\/\"]}]},{\"@type\":\"ImageObject\",\"inLanguage\":\"es\",\"@id\":\"https:\\\/\\\/www.blaudemar.cat\\\/es\\\/politica-de-privacidad\\\/#primaryimage\",\"url\":\"https:\\\/\\\/www.blaudemar.cat\\\/wp-content\\\/uploads\\\/2020\\\/12\\\/LOGOblaudemar_QUADRAT_.jpg\",\"contentUrl\":\"https:\\\/\\\/www.blaudemar.cat\\\/wp-content\\\/uploads\\\/2020\\\/12\\\/LOGOblaudemar_QUADRAT_.jpg\",\"width\":1135,\"height\":1132},{\"@type\":\"BreadcrumbList\",\"@id\":\"https:\\\/\\\/www.blaudemar.cat\\\/es\\\/politica-de-privacidad\\\/#breadcrumb\",\"itemListElement\":[{\"@type\":\"ListItem\",\"position\":1,\"name\":\"Inicio\",\"item\":\"https:\\\/\\\/www.blaudemar.cat\\\/es\\\/\"},{\"@type\":\"ListItem\",\"position\":2,\"name\":\"Pol\u00edtica de privacidad\"}]},{\"@type\":\"WebSite\",\"@id\":\"https:\\\/\\\/www.blaudemar.cat\\\/es\\\/#website\",\"url\":\"https:\\\/\\\/www.blaudemar.cat\\\/es\\\/\",\"name\":\"Restaurante Blau de Mar\",\"description\":\"Cocina de proximidad y producto de calidad en Arenys de Mar (Maresme)\",\"potentialAction\":[{\"@type\":\"SearchAction\",\"target\":{\"@type\":\"EntryPoint\",\"urlTemplate\":\"https:\\\/\\\/www.blaudemar.cat\\\/es\\\/?s={search_term_string}\"},\"query-input\":{\"@type\":\"PropertyValueSpecification\",\"valueRequired\":true,\"valueName\":\"search_term_string\"}}],\"inLanguage\":\"es\"}]}<\/script>\n<!-- \/ Yoast SEO plugin. -->","yoast_head_json":{"title":"Pol\u00edtica de privacidad - Restaurante Blau de Mar","description":"Consulta con detalle las cl\u00e1usulas que incorporan el Aviso Legal y la Pol\u00edtica de privacidad del sitio web del Restaurant Blau de Mar.","robots":{"index":"index","follow":"nofollow","max-snippet":"max-snippet:-1","max-image-preview":"max-image-preview:large","max-video-preview":"max-video-preview:-1"},"canonical":"https:\/\/www.blaudemar.cat\/es\/politica-de-privacidad\/","og_locale":"es_ES","og_type":"article","og_title":"Pol\u00edtica de privacidad - Restaurante Blau de Mar","og_description":"Consulta con detalle las cl\u00e1usulas que incorporan el Aviso Legal y la Pol\u00edtica de privacidad del sitio web del Restaurant Blau de Mar.","og_url":"https:\/\/www.blaudemar.cat\/es\/politica-de-privacidad\/","og_site_name":"Restaurante Blau de Mar","article_modified_time":"2022-10-24T16:28:23+00:00","og_image":[{"width":1135,"height":1132,"url":"https:\/\/www.blaudemar.cat\/wp-content\/uploads\/2020\/12\/LOGOblaudemar_QUADRAT_.jpg","type":"image\/jpeg"}],"twitter_card":"summary_large_image","twitter_misc":{"Tiempo de lectura":"6 minutos"},"schema":{"@context":"https:\/\/schema.org","@graph":[{"@type":"WebPage","@id":"https:\/\/www.blaudemar.cat\/es\/politica-de-privacidad\/","url":"https:\/\/www.blaudemar.cat\/es\/politica-de-privacidad\/","name":"Pol\u00edtica de privacidad - Restaurante Blau de Mar","isPartOf":{"@id":"https:\/\/www.blaudemar.cat\/es\/#website"},"primaryImageOfPage":{"@id":"https:\/\/www.blaudemar.cat\/es\/politica-de-privacidad\/#primaryimage"},"image":{"@id":"https:\/\/www.blaudemar.cat\/es\/politica-de-privacidad\/#primaryimage"},"thumbnailUrl":"https:\/\/www.blaudemar.cat\/wp-content\/uploads\/2020\/12\/LOGOblaudemar_QUADRAT_.jpg","datePublished":"2020-12-10T11:37:45+00:00","dateModified":"2022-10-24T16:28:23+00:00","description":"Consulta con detalle las cl\u00e1usulas que incorporan el Aviso Legal y la Pol\u00edtica de privacidad del sitio web del Restaurant Blau de Mar.","breadcrumb":{"@id":"https:\/\/www.blaudemar.cat\/es\/politica-de-privacidad\/#breadcrumb"},"inLanguage":"es","potentialAction":[{"@type":"ReadAction","target":["https:\/\/www.blaudemar.cat\/es\/politica-de-privacidad\/"]}]},{"@type":"ImageObject","inLanguage":"es","@id":"https:\/\/www.blaudemar.cat\/es\/politica-de-privacidad\/#primaryimage","url":"https:\/\/www.blaudemar.cat\/wp-content\/uploads\/2020\/12\/LOGOblaudemar_QUADRAT_.jpg","contentUrl":"https:\/\/www.blaudemar.cat\/wp-content\/uploads\/2020\/12\/LOGOblaudemar_QUADRAT_.jpg","width":1135,"height":1132},{"@type":"BreadcrumbList","@id":"https:\/\/www.blaudemar.cat\/es\/politica-de-privacidad\/#breadcrumb","itemListElement":[{"@type":"ListItem","position":1,"name":"Inicio","item":"https:\/\/www.blaudemar.cat\/es\/"},{"@type":"ListItem","position":2,"name":"Pol\u00edtica de privacidad"}]},{"@type":"WebSite","@id":"https:\/\/www.blaudemar.cat\/es\/#website","url":"https:\/\/www.blaudemar.cat\/es\/","name":"Restaurante Blau de Mar","description":"Cocina de proximidad y producto de calidad en Arenys de Mar (Maresme)","potentialAction":[{"@type":"SearchAction","target":{"@type":"EntryPoint","urlTemplate":"https:\/\/www.blaudemar.cat\/es\/?s={search_term_string}"},"query-input":{"@type":"PropertyValueSpecification","valueRequired":true,"valueName":"search_term_string"}}],"inLanguage":"es"}]}},"_links":{"self":[{"href":"https:\/\/www.blaudemar.cat\/es\/wp-json\/wp\/v2\/pages\/17108","targetHints":{"allow":["GET"]}}],"collection":[{"href":"https:\/\/www.blaudemar.cat\/es\/wp-json\/wp\/v2\/pages"}],"about":[{"href":"https:\/\/www.blaudemar.cat\/es\/wp-json\/wp\/v2\/types\/page"}],"author":[{"embeddable":true,"href":"https:\/\/www.blaudemar.cat\/es\/wp-json\/wp\/v2\/users\/2"}],"replies":[{"embeddable":true,"href":"https:\/\/www.blaudemar.cat\/es\/wp-json\/wp\/v2\/comments?post=17108"}],"version-history":[{"count":3,"href":"https:\/\/www.blaudemar.cat\/es\/wp-json\/wp\/v2\/pages\/17108\/revisions"}],"predecessor-version":[{"id":17123,"href":"https:\/\/www.blaudemar.cat\/es\/wp-json\/wp\/v2\/pages\/17108\/revisions\/17123"}],"wp:featuredmedia":[{"embeddable":true,"href":"https:\/\/www.blaudemar.cat\/es\/wp-json\/wp\/v2\/media\/17003"}],"wp:attachment":[{"href":"https:\/\/www.blaudemar.cat\/es\/wp-json\/wp\/v2\/media?parent=17108"}],"curies":[{"name":"wp","href":"https:\/\/api.w.org\/{rel}","templated":true}]}}