{"id":17089,"date":"2021-01-02T07:55:18","date_gmt":"2021-01-02T06:55:18","guid":{"rendered":"https:\/\/www.blaudemar.cat\/espacio\/"},"modified":"2022-10-25T15:17:39","modified_gmt":"2022-10-25T14:17:39","slug":"espacio","status":"publish","type":"page","link":"https:\/\/www.blaudemar.cat\/es\/espacio\/","title":{"rendered":"ESPACIO"},"content":{"rendered":"<p>[vc_row css_animation=\u00bb\u00bb row_type=\u00bbrow\u00bb use_row_as_full_screen_section=\u00bbno\u00bb type=\u00bbgrid\u00bb angled_section=\u00bbno\u00bb text_align=\u00bbcenter\u00bb background_image_as_pattern=\u00bbwithout_pattern\u00bb css=\u00bb.vc_custom_1610180048805{padding-top: 50px !important;padding-bottom: 50px !important;}\u00bb z_index=\u00bb\u00bb][vc_column][vc_column_text]<\/p>\n<h1 style=\"text-align: center;\">El espacio<\/h1>\n<p>[\/vc_column_text][vc_empty_space height=\u00bb20px\u00bb][vc_column_text]<\/p>\n<h5><strong>El aire del puerto y la esencia del Mediterr\u00e1neo han inspirado la reforma de la casa de 1910 que hoy acoge el Restaurante Blau de Mar. Un edificio con varios comedores interiores, terrazas y espacios reservados para grupos o celebraciones de empresa. <\/strong><\/h5>\n<p>&nbsp;<\/p>\n<h5><strong>En el Restaurante Blau de Mar la arquitectura forma parte, tambi\u00e9n, de la experiencia gastron\u00f3mica.<\/strong><\/h5>\n<p>[\/vc_column_text][\/vc_column][\/vc_row][vc_row css_animation=\u00bb\u00bb row_type=\u00bbrow\u00bb use_row_as_full_screen_section=\u00bbno\u00bb type=\u00bbgrid\u00bb angled_section=\u00bbno\u00bb text_align=\u00bbcenter\u00bb background_image_as_pattern=\u00bbwithout_pattern\u00bb css=\u00bb.vc_custom_1610180146949{padding-top: 30px !important;padding-bottom: 20px !important;}\u00bb z_index=\u00bb\u00bb][vc_column width=\u00bb1\/3&#8243; offset=\u00bbvc_hidden-sm vc_hidden-xs\u00bb][vc_empty_space height=\u00bb20px\u00bb][vc_separator type=\u00bbnormal\u00bb color=\u00bb#5a7596&#8243;][\/vc_column][vc_column width=\u00bb1\/3&#8243;][vc_column_text]<\/p>\n<h3 style=\"text-align: center;\">COMEDORES INTERIORES<\/h3>\n<p>[\/vc_column_text][\/vc_column][vc_column width=\u00bb1\/3&#8243; offset=\u00bbvc_hidden-sm\u00bb][vc_empty_space height=\u00bb20px\u00bb][vc_separator type=\u00bbnormal\u00bb color=\u00bb#5a7596&#8243;][\/vc_column][\/vc_row][vc_row css_animation=\u00bb\u00bb row_type=\u00bbrow\u00bb use_row_as_full_screen_section=\u00bbno\u00bb type=\u00bbgrid\u00bb angled_section=\u00bbno\u00bb text_align=\u00bbcenter\u00bb background_image_as_pattern=\u00bbwithout_pattern\u00bb css=\u00bb.vc_custom_1610180139217{padding-top: 20px !important;padding-bottom: 30px !important;}\u00bb z_index=\u00bb\u00bb][vc_column width=\u00bb1\/4&#8243; css=\u00bb.vc_custom_1610179921792{padding-bottom: 20px !important;}\u00bb][vc_column_text]<\/p>\n<p style=\"text-align: left;\">Disfruta de la atm\u00f3sfera de un espacio arquitect\u00f3nico \u00fanico con reminiscencias del siglo XX.<\/p>\n<p>&nbsp;<\/p>\n<p style=\"text-align: left;\">Contamos con varios comedores interiores para disfrutar de una comida con pareja, amigos, familiares o con quien desees.<\/p>\n<p>&nbsp;<\/p>\n<p style=\"text-align: left;\"><em>* Espacios adaptables para ni\u00f1os con autismo <a href=\"https:\/\/www.blaudemar.cat\/es\/el-primer-restaurante-autismfriendly-del-maresme\/\" target=\"_blank\" rel=\"noopener noreferrer\">[+]<\/a><\/em><\/p>\n<p>[\/vc_column_text][\/vc_column][vc_column width=\u00bb3\/4&#8243;][vc_masonry_media_grid element_width=\u00bb6&#8243; gap=\u00bb10&#8243; initial_loading_animation=\u00bbnone\u00bb grid_id=\u00bbvc_gid:1610995738148-dd2e3c22-38c5-9&#8243; include=\u00bb16989,17006,17011&#8243;][\/vc_column][\/vc_row][vc_row css_animation=\u00bb\u00bb row_type=\u00bbrow\u00bb use_row_as_full_screen_section=\u00bbno\u00bb type=\u00bbgrid\u00bb angled_section=\u00bbno\u00bb text_align=\u00bbcenter\u00bb background_image_as_pattern=\u00bbwithout_pattern\u00bb css=\u00bb.vc_custom_1610180233662{padding-top: 40px !important;padding-bottom: 20px !important;}\u00bb z_index=\u00bb\u00bb][vc_column width=\u00bb1\/3&#8243; offset=\u00bbvc_hidden-sm vc_hidden-xs\u00bb][vc_empty_space height=\u00bb10px\u00bb][vc_separator type=\u00bbnormal\u00bb color=\u00bb#5a7596&#8243;][\/vc_column][vc_column width=\u00bb1\/3&#8243;][vc_column_text]<\/p>\n<h3 style=\"text-align: center;\"><strong>TERRAZAS<\/strong><\/h3>\n<p>[\/vc_column_text][\/vc_column][vc_column width=\u00bb1\/3&#8243; offset=\u00bbvc_hidden-sm\u00bb][vc_empty_space height=\u00bb10px\u00bb][vc_separator type=\u00bbnormal\u00bb color=\u00bb#5a7596&#8243;][\/vc_column][\/vc_row][vc_row css_animation=\u00bb\u00bb row_type=\u00bbrow\u00bb use_row_as_full_screen_section=\u00bbno\u00bb type=\u00bbgrid\u00bb angled_section=\u00bbno\u00bb text_align=\u00bbcenter\u00bb background_image_as_pattern=\u00bbwithout_pattern\u00bb css=\u00bb.vc_custom_1610180200712{padding-top: 20px !important;padding-bottom: 30px !important;}\u00bb z_index=\u00bb\u00bb][vc_column width=\u00bb2\/3&#8243; css=\u00bb.vc_custom_1610179930232{padding-bottom: 20px !important;}\u00bb][vc_masonry_media_grid element_width=\u00bb6&#8243; gap=\u00bb10&#8243; initial_loading_animation=\u00bbnone\u00bb grid_id=\u00bbvc_gid:1610995738153-e7b0c37f-6b60-3&#8243; include=\u00bb17022,17031,17020,17021&#8243;][\/vc_column][vc_column width=\u00bb1\/3&#8243;][vc_column_text]<\/p>\n<p style=\"text-align: left;\">Para comer o cenar, para hacer el vermut o disfrutar de espacios de conversaci\u00f3n antes y\/o despu\u00e9s de una comida.<\/p>\n<p>&nbsp;<\/p>\n<p style=\"text-align: left;\">El Restaurante Blau de Mar cuenta con m\u00faltiples opciones de terrazas: a pie de calle, en el patio delantero de la casa indiana, en el patio interior, en la galer\u00eda o bien en una antigua azotea reconvertida en una terraza mirador que invita a adentrarte en el azul del Mediterr\u00e1neo.<\/p>\n<p>&nbsp;<\/p>\n<p style=\"text-align: left;\">Dejaros seducir por la magia de estos espacios.<\/p>\n<p>[\/vc_column_text][\/vc_column][\/vc_row][vc_row css_animation=\u00bb\u00bb row_type=\u00bbrow\u00bb use_row_as_full_screen_section=\u00bbno\u00bb type=\u00bbgrid\u00bb angled_section=\u00bbno\u00bb text_align=\u00bbcenter\u00bb background_image_as_pattern=\u00bbwithout_pattern\u00bb z_index=\u00bb\u00bb background_color=\u00bb#f7f7f7&#8243; padding_top=\u00bb40&#8243; padding_bottom=\u00bb50&#8243;][vc_column width=\u00bb1\/6&#8243;][\/vc_column][vc_column width=\u00bb1\/6&#8243;][\/vc_column][vc_column width=\u00bb1\/6&#8243;]<a  itemprop=\"url\" href=\"https:\/\/www.blaudemar.cat\/es\/reserva\/\" target=\"_self\"  class=\"qbutton  large default\" style=\"margin: 5px 5px 10px 5px; \">RESERVAR<\/a>[\/vc_column][vc_column width=\u00bb1\/6&#8243; offset=\u00bbvc_hidden-sm\u00bb]<a  itemprop=\"url\" href=\"https:\/\/www.blaudemar.cat\/es\/carta\/\" target=\"_self\"  class=\"qbutton  large default\" style=\"margin: 5px 5px 10px 5px; \">VER LA CARTA<\/a>[\/vc_column][vc_column width=\u00bb1\/6&#8243;][\/vc_column][vc_column width=\u00bb1\/6&#8243;][\/vc_column][\/vc_row][vc_row row_type=\u00bbparallax\u00bb parallax_content_width=\u00bbin_grid\u00bb text_align=\u00bbcenter\u00bb full_screen_section_height=\u00bbno\u00bb background_image=\u00bb16369&#8243;][vc_column offset=\u00bbvc_col-xs-1&#8243;][qode_elements_holder number_of_columns=\u00bbone_column\u00bb][qode_elements_holder_item vertical_alignment=\u00bbmiddle\u00bb advanced_animations=\u00bbno\u00bb item_padding=\u00bb31.6% 0&#8243; item_padding_1280_1440=\u00bb21.6% 0&#8243; item_padding_1024_1280=\u00bb21.6% 0&#8243; item_padding_768_1024=\u00bb21.6% 0&#8243; item_padding_600_768=\u00bb36.6% 0&#8243; item_padding_480_600=\u00bb34.6% 0&#8243; item_padding_480=\u00bb32.6% 0&#8243;][\/qode_elements_holder_item][\/qode_elements_holder][\/vc_column][\/vc_row][vc_row css_animation=\u00bb\u00bb row_type=\u00bbrow\u00bb use_row_as_full_screen_section=\u00bbno\u00bb type=\u00bbgrid\u00bb angled_section=\u00bbno\u00bb text_align=\u00bbcenter\u00bb background_image_as_pattern=\u00bbwithout_pattern\u00bb row_negative_margin=\u00bbdisable_negative_margin\u00bb css=\u00bb.vc_custom_1610180970663{padding-top: 50px !important;padding-bottom: 10px !important;}\u00bb z_index=\u00bb\u00bb][vc_column width=\u00bb1\/3&#8243; offset=\u00bbvc_hidden-sm vc_hidden-xs\u00bb][vc_empty_space height=\u00bb20px\u00bb][vc_separator type=\u00bbnormal\u00bb color=\u00bb#5a7596&#8243;][\/vc_column][vc_column width=\u00bb1\/3&#8243;][vc_column_text]<\/p>\n<h3 style=\"text-align: center;\">DETALLES ARQUITECT\u00d3NICOS<\/h3>\n<p>[\/vc_column_text][\/vc_column][vc_column width=\u00bb1\/3&#8243; offset=\u00bbvc_hidden-sm\u00bb][vc_empty_space height=\u00bb20px\u00bb][vc_separator type=\u00bbnormal\u00bb color=\u00bb#5a7596&#8243;][\/vc_column][\/vc_row][vc_row css_animation=\u00bb\u00bb row_type=\u00bbrow\u00bb use_row_as_full_screen_section=\u00bbno\u00bb type=\u00bbgrid\u00bb angled_section=\u00bbno\u00bb text_align=\u00bbleft\u00bb background_image_as_pattern=\u00bbwithout_pattern\u00bb css=\u00bb.vc_custom_1609760255556{padding-top: 10px !important;padding-bottom: 30px !important;}\u00bb z_index=\u00bb\u00bb][vc_column width=\u00bb2\/3&#8243; offset=\u00bbvc_col-lg-offset-0 vc_col-lg-4 vc_col-md-offset-0 vc_col-md-4 vc_col-sm-offset-2&#8243;][vc_empty_space height=\u00bb50px\u00bb][vc_single_image image=\u00bb17015&#8243; img_size=\u00bbfull\u00bb qode_css_animation=\u00bb\u00bb][vc_empty_space height=\u00bb34px\u00bb][vc_column_text]Cuarto de ba\u00f1o de estilo modernista con baldosa esmaltada pintada a mano[\/vc_column_text][\/vc_column][vc_column width=\u00bb2\/3&#8243; offset=\u00bbvc_col-lg-offset-0 vc_col-lg-4 vc_col-md-offset-0 vc_col-md-4 vc_col-sm-offset-2&#8243;][vc_empty_space height=\u00bb50px\u00bb][vc_single_image image=\u00bb17018&#8243; img_size=\u00bbfull\u00bb qode_css_animation=\u00bb\u00bb][vc_empty_space height=\u00bb34px\u00bb][vc_column_text]Escalera de madera completamente restaurada que da acceso a la primera planta del restaurante[\/vc_column_text][\/vc_column][vc_column width=\u00bb2\/3&#8243; offset=\u00bbvc_col-lg-offset-0 vc_col-lg-4 vc_col-md-offset-0 vc_col-md-4 vc_col-sm-offset-2&#8243;][vc_empty_space height=\u00bb50px\u00bb][vc_single_image image=\u00bb17017&#8243; img_size=\u00bbfull\u00bb qode_css_animation=\u00bb\u00bb][vc_empty_space height=\u00bb34px\u00bb][vc_column_text]Patio interior con b\u00f3vedas de rinc\u00f3n de claustro que forman un porche: un rinc\u00f3n privado e \u00edntimo[\/vc_column_text][\/vc_column][\/vc_row][vc_row css_animation=\u00bb\u00bb row_type=\u00bbrow\u00bb use_row_as_full_screen_section=\u00bbno\u00bb type=\u00bbgrid\u00bb angled_section=\u00bbno\u00bb text_align=\u00bbcenter\u00bb background_image_as_pattern=\u00bbwithout_pattern\u00bb z_index=\u00bb\u00bb padding_top=\u00bb20&#8243; padding_bottom=\u00bb40&#8243;][vc_column]<a  itemprop=\"url\" href=\"https:\/\/www.blaudemar.cat\/es\/abans-i-ara-restaurant-blau-de-mar\/\" target=\"_self\"  class=\"qbutton  large white default\" style=\"margin: 5px 5px 10px 5px; \">SABER M\u00c1S<\/a>[\/vc_column][\/vc_row]<\/p>\n","protected":false},"excerpt":{"rendered":"<p>[vc_row css_animation=\u00bb\u00bb row_type=\u00bbrow\u00bb use_row_as_full_screen_section=\u00bbno\u00bb type=\u00bbgrid\u00bb angled_section=\u00bbno\u00bb text_align=\u00bbcenter\u00bb background_image_as_pattern=\u00bbwithout_pattern\u00bb css=\u00bb.vc_custom_1610180048805{padding-top: 50px !important;padding-bottom: 50px !important;}\u00bb z_index=\u00bb\u00bb][vc_column][vc_column_text] El espacio [\/vc_column_text][vc_empty_space height=\u00bb20px\u00bb][vc_column_text] El aire del puerto y la esencia del Mediterr\u00e1neo han inspirado la reforma de la casa de 1910 que hoy acoge el Restaurante Blau de Mar. Un&#8230;<\/p>\n","protected":false},"author":2,"featured_media":17034,"parent":0,"menu_order":0,"comment_status":"closed","ping_status":"closed","template":"full_width.php","meta":{"footnotes":""},"class_list":["post-17089","page","type-page","status-publish","has-post-thumbnail","hentry"],"yoast_head":"<!-- This site is optimized with the Yoast SEO plugin v27.4 - https:\/\/yoast.com\/product\/yoast-seo-wordpress\/ -->\n<title>ESPACIO - Restaurante Blau de Mar<\/title>\n<meta name=\"description\" content=\"El Restaurante Blau de Mar se ubica en una casa de principios del siglo XX. Un espacio que tambi\u00e9n forma parte de la experiencia gastron\u00f3mica.\" \/>\n<meta name=\"robots\" content=\"index, follow, max-snippet:-1, max-image-preview:large, max-video-preview:-1\" \/>\n<link rel=\"canonical\" href=\"https:\/\/www.blaudemar.cat\/es\/espacio\/\" \/>\n<meta property=\"og:locale\" content=\"es_ES\" \/>\n<meta property=\"og:type\" content=\"article\" \/>\n<meta property=\"og:title\" content=\"ESPACIO - Restaurante Blau de Mar\" \/>\n<meta property=\"og:description\" content=\"El Restaurante Blau de Mar se ubica en una casa de principios del siglo XX. Un espacio que tambi\u00e9n forma parte de la experiencia gastron\u00f3mica.\" \/>\n<meta property=\"og:url\" content=\"https:\/\/www.blaudemar.cat\/es\/espacio\/\" \/>\n<meta property=\"og:site_name\" content=\"Restaurante Blau de Mar\" \/>\n<meta property=\"article:modified_time\" content=\"2022-10-25T14:17:39+00:00\" \/>\n<meta property=\"og:image\" content=\"https:\/\/www.blaudemar.cat\/wp-content\/uploads\/2021\/01\/RAJOLA-WC-capc\u0327-aliniades.jpg\" \/>\n\t<meta property=\"og:image:width\" content=\"1920\" \/>\n\t<meta property=\"og:image:height\" content=\"600\" \/>\n\t<meta property=\"og:image:type\" content=\"image\/jpeg\" \/>\n<meta name=\"twitter:card\" content=\"summary_large_image\" \/>\n<meta name=\"twitter:label1\" content=\"Tiempo de lectura\" \/>\n\t<meta name=\"twitter:data1\" content=\"3 minutos\" \/>\n<script type=\"application\/ld+json\" class=\"yoast-schema-graph\">{\"@context\":\"https:\\\/\\\/schema.org\",\"@graph\":[{\"@type\":\"WebPage\",\"@id\":\"https:\\\/\\\/www.blaudemar.cat\\\/es\\\/espacio\\\/\",\"url\":\"https:\\\/\\\/www.blaudemar.cat\\\/es\\\/espacio\\\/\",\"name\":\"ESPACIO - Restaurante Blau de Mar\",\"isPartOf\":{\"@id\":\"https:\\\/\\\/www.blaudemar.cat\\\/es\\\/#website\"},\"primaryImageOfPage\":{\"@id\":\"https:\\\/\\\/www.blaudemar.cat\\\/es\\\/espacio\\\/#primaryimage\"},\"image\":{\"@id\":\"https:\\\/\\\/www.blaudemar.cat\\\/es\\\/espacio\\\/#primaryimage\"},\"thumbnailUrl\":\"https:\\\/\\\/www.blaudemar.cat\\\/wp-content\\\/uploads\\\/2021\\\/01\\\/RAJOLA-WC-capc\u0327-aliniades.jpg\",\"datePublished\":\"2021-01-02T06:55:18+00:00\",\"dateModified\":\"2022-10-25T14:17:39+00:00\",\"description\":\"El Restaurante Blau de Mar se ubica en una casa de principios del siglo XX. Un espacio que tambi\u00e9n forma parte de la experiencia gastron\u00f3mica.\",\"breadcrumb\":{\"@id\":\"https:\\\/\\\/www.blaudemar.cat\\\/es\\\/espacio\\\/#breadcrumb\"},\"inLanguage\":\"es\",\"potentialAction\":[{\"@type\":\"ReadAction\",\"target\":[\"https:\\\/\\\/www.blaudemar.cat\\\/es\\\/espacio\\\/\"]}]},{\"@type\":\"ImageObject\",\"inLanguage\":\"es\",\"@id\":\"https:\\\/\\\/www.blaudemar.cat\\\/es\\\/espacio\\\/#primaryimage\",\"url\":\"https:\\\/\\\/www.blaudemar.cat\\\/wp-content\\\/uploads\\\/2021\\\/01\\\/RAJOLA-WC-capc\u0327-aliniades.jpg\",\"contentUrl\":\"https:\\\/\\\/www.blaudemar.cat\\\/wp-content\\\/uploads\\\/2021\\\/01\\\/RAJOLA-WC-capc\u0327-aliniades.jpg\",\"width\":1920,\"height\":600},{\"@type\":\"BreadcrumbList\",\"@id\":\"https:\\\/\\\/www.blaudemar.cat\\\/es\\\/espacio\\\/#breadcrumb\",\"itemListElement\":[{\"@type\":\"ListItem\",\"position\":1,\"name\":\"Inicio\",\"item\":\"https:\\\/\\\/www.blaudemar.cat\\\/es\\\/\"},{\"@type\":\"ListItem\",\"position\":2,\"name\":\"ESPACIO\"}]},{\"@type\":\"WebSite\",\"@id\":\"https:\\\/\\\/www.blaudemar.cat\\\/es\\\/#website\",\"url\":\"https:\\\/\\\/www.blaudemar.cat\\\/es\\\/\",\"name\":\"Restaurante Blau de Mar\",\"description\":\"Cocina de proximidad y producto de calidad en Arenys de Mar (Maresme)\",\"potentialAction\":[{\"@type\":\"SearchAction\",\"target\":{\"@type\":\"EntryPoint\",\"urlTemplate\":\"https:\\\/\\\/www.blaudemar.cat\\\/es\\\/?s={search_term_string}\"},\"query-input\":{\"@type\":\"PropertyValueSpecification\",\"valueRequired\":true,\"valueName\":\"search_term_string\"}}],\"inLanguage\":\"es\"}]}<\/script>\n<!-- \/ Yoast SEO plugin. -->","yoast_head_json":{"title":"ESPACIO - Restaurante Blau de Mar","description":"El Restaurante Blau de Mar se ubica en una casa de principios del siglo XX. Un espacio que tambi\u00e9n forma parte de la experiencia gastron\u00f3mica.","robots":{"index":"index","follow":"follow","max-snippet":"max-snippet:-1","max-image-preview":"max-image-preview:large","max-video-preview":"max-video-preview:-1"},"canonical":"https:\/\/www.blaudemar.cat\/es\/espacio\/","og_locale":"es_ES","og_type":"article","og_title":"ESPACIO - Restaurante Blau de Mar","og_description":"El Restaurante Blau de Mar se ubica en una casa de principios del siglo XX. Un espacio que tambi\u00e9n forma parte de la experiencia gastron\u00f3mica.","og_url":"https:\/\/www.blaudemar.cat\/es\/espacio\/","og_site_name":"Restaurante Blau de Mar","article_modified_time":"2022-10-25T14:17:39+00:00","og_image":[{"width":1920,"height":600,"url":"https:\/\/www.blaudemar.cat\/wp-content\/uploads\/2021\/01\/RAJOLA-WC-capc\u0327-aliniades.jpg","type":"image\/jpeg"}],"twitter_card":"summary_large_image","twitter_misc":{"Tiempo de lectura":"3 minutos"},"schema":{"@context":"https:\/\/schema.org","@graph":[{"@type":"WebPage","@id":"https:\/\/www.blaudemar.cat\/es\/espacio\/","url":"https:\/\/www.blaudemar.cat\/es\/espacio\/","name":"ESPACIO - Restaurante Blau de Mar","isPartOf":{"@id":"https:\/\/www.blaudemar.cat\/es\/#website"},"primaryImageOfPage":{"@id":"https:\/\/www.blaudemar.cat\/es\/espacio\/#primaryimage"},"image":{"@id":"https:\/\/www.blaudemar.cat\/es\/espacio\/#primaryimage"},"thumbnailUrl":"https:\/\/www.blaudemar.cat\/wp-content\/uploads\/2021\/01\/RAJOLA-WC-capc\u0327-aliniades.jpg","datePublished":"2021-01-02T06:55:18+00:00","dateModified":"2022-10-25T14:17:39+00:00","description":"El Restaurante Blau de Mar se ubica en una casa de principios del siglo XX. Un espacio que tambi\u00e9n forma parte de la experiencia gastron\u00f3mica.","breadcrumb":{"@id":"https:\/\/www.blaudemar.cat\/es\/espacio\/#breadcrumb"},"inLanguage":"es","potentialAction":[{"@type":"ReadAction","target":["https:\/\/www.blaudemar.cat\/es\/espacio\/"]}]},{"@type":"ImageObject","inLanguage":"es","@id":"https:\/\/www.blaudemar.cat\/es\/espacio\/#primaryimage","url":"https:\/\/www.blaudemar.cat\/wp-content\/uploads\/2021\/01\/RAJOLA-WC-capc\u0327-aliniades.jpg","contentUrl":"https:\/\/www.blaudemar.cat\/wp-content\/uploads\/2021\/01\/RAJOLA-WC-capc\u0327-aliniades.jpg","width":1920,"height":600},{"@type":"BreadcrumbList","@id":"https:\/\/www.blaudemar.cat\/es\/espacio\/#breadcrumb","itemListElement":[{"@type":"ListItem","position":1,"name":"Inicio","item":"https:\/\/www.blaudemar.cat\/es\/"},{"@type":"ListItem","position":2,"name":"ESPACIO"}]},{"@type":"WebSite","@id":"https:\/\/www.blaudemar.cat\/es\/#website","url":"https:\/\/www.blaudemar.cat\/es\/","name":"Restaurante Blau de Mar","description":"Cocina de proximidad y producto de calidad en Arenys de Mar (Maresme)","potentialAction":[{"@type":"SearchAction","target":{"@type":"EntryPoint","urlTemplate":"https:\/\/www.blaudemar.cat\/es\/?s={search_term_string}"},"query-input":{"@type":"PropertyValueSpecification","valueRequired":true,"valueName":"search_term_string"}}],"inLanguage":"es"}]}},"_links":{"self":[{"href":"https:\/\/www.blaudemar.cat\/es\/wp-json\/wp\/v2\/pages\/17089","targetHints":{"allow":["GET"]}}],"collection":[{"href":"https:\/\/www.blaudemar.cat\/es\/wp-json\/wp\/v2\/pages"}],"about":[{"href":"https:\/\/www.blaudemar.cat\/es\/wp-json\/wp\/v2\/types\/page"}],"author":[{"embeddable":true,"href":"https:\/\/www.blaudemar.cat\/es\/wp-json\/wp\/v2\/users\/2"}],"replies":[{"embeddable":true,"href":"https:\/\/www.blaudemar.cat\/es\/wp-json\/wp\/v2\/comments?post=17089"}],"version-history":[{"count":23,"href":"https:\/\/www.blaudemar.cat\/es\/wp-json\/wp\/v2\/pages\/17089\/revisions"}],"predecessor-version":[{"id":17280,"href":"https:\/\/www.blaudemar.cat\/es\/wp-json\/wp\/v2\/pages\/17089\/revisions\/17280"}],"wp:featuredmedia":[{"embeddable":true,"href":"https:\/\/www.blaudemar.cat\/es\/wp-json\/wp\/v2\/media\/17034"}],"wp:attachment":[{"href":"https:\/\/www.blaudemar.cat\/es\/wp-json\/wp\/v2\/media?parent=17089"}],"curies":[{"name":"wp","href":"https:\/\/api.w.org\/{rel}","templated":true}]}}