{"id":17082,"date":"2020-12-15T09:59:14","date_gmt":"2020-12-15T08:59:14","guid":{"rendered":"https:\/\/www.blaudemar.cat\/concepto\/"},"modified":"2025-10-07T09:09:34","modified_gmt":"2025-10-07T08:09:34","slug":"concepto","status":"publish","type":"page","link":"https:\/\/www.blaudemar.cat\/es\/concepto\/","title":{"rendered":"CONCEPTO"},"content":{"rendered":"<p>[vc_row css_animation=\u00bb\u00bb row_type=\u00bbrow\u00bb use_row_as_full_screen_section=\u00bbno\u00bb type=\u00bbgrid\u00bb angled_section=\u00bbno\u00bb text_align=\u00bbcenter\u00bb background_image_as_pattern=\u00bbwithout_pattern\u00bb z_index=\u00bb\u00bb css=\u00bb.vc_custom_1610998986815{padding-top: 50px !important;padding-bottom: 50px !important;}\u00bb][vc_column][vc_column_text]<\/p>\n<h1 style=\"text-align: center;\">Cocina mediterr\u00e1nea basada en la excelencia del producto de proximidad.<\/h1>\n<p>[\/vc_column_text][vc_column_text css=\u00bb.vc_custom_1610998577091{padding-top: 30px !important;}\u00bb]<\/p>\n<h5 style=\"text-align: center;\"><strong>Km 0, slowfood y sostenibilidad son las m\u00e1ximas que definen nuestra cocina<\/strong><\/h5>\n<p>[\/vc_column_text][\/vc_column][\/vc_row][vc_row css_animation=\u00bb\u00bb row_type=\u00bbrow\u00bb use_row_as_full_screen_section=\u00bbno\u00bb type=\u00bbfull_width\u00bb angled_section=\u00bbno\u00bb text_align=\u00bbleft\u00bb background_image_as_pattern=\u00bbwithout_pattern\u00bb z_index=\u00bb\u00bb padding_top=\u00bb20&#8243; css=\u00bb.vc_custom_1610182026598{padding-top: 20px !important;padding-bottom: 40px !important;}\u00bb][vc_column width=\u00bb1\/3&#8243; offset=\u00bbvc_hidden-sm vc_hidden-xs\u00bb][vc_empty_space height=\u00bb10px\u00bb][vc_separator css_animation=\u00bbleft-to-right\u00bb type=\u00bbnormal\u00bb color=\u00bb#5a7596&#8243;][\/vc_column][vc_column width=\u00bb1\/3&#8243;][vc_column_text]<\/p>\n<h3 style=\"text-align: center;\">PROXIMIDAD<\/h3>\n<p>[\/vc_column_text][\/vc_column][vc_column width=\u00bb1\/3&#8243; offset=\u00bbvc_col-sm-offset-0 vc_hidden-sm\u00bb][vc_empty_space height=\u00bb10px\u00bb][vc_separator css_animation=\u00bbright-to-left\u00bb type=\u00bbnormal\u00bb color=\u00bb#5a7596&#8243;][\/vc_column][\/vc_row][vc_row css_animation=\u00bb\u00bb row_type=\u00bbrow\u00bb use_row_as_full_screen_section=\u00bbno\u00bb type=\u00bbfull_width\u00bb angled_section=\u00bbno\u00bb text_align=\u00bbleft\u00bb background_image_as_pattern=\u00bbwithout_pattern\u00bb z_index=\u00bb\u00bb][vc_column width=\u00bb1\/2&#8243;][vc_single_image image=\u00bb16993&#8243; img_size=\u00bb500&#215;250&#8243; qode_css_animation=\u00bbelement_from_right\u00bb css=\u00bb.vc_custom_1609770762401{padding-top: 20px !important;padding-bottom: 20px !important;}\u00bb][\/vc_column][vc_column width=\u00bb1\/2&#8243;][vc_column_text]<\/p>\n<h4><strong>Un recorrido de 500 metros desde la barca hasta el restaurante<\/strong><\/h4>\n<p>&nbsp;<\/p>\n<p><span style=\"font-weight: 400;\">El <strong>puerto de Arenys de Mar<\/strong> es uno de los m\u00e1s importantes de Catalu\u00f1a en cuanto a capturas pesqueras. Sin duda alguna, la reina de las especias que se capturan en Arenys es la <strong>gamba roja<\/strong>, protagonista de nuestros mejores arroces.<\/span><\/p>\n<p>&nbsp;<\/p>\n<p><span style=\"font-weight: 400;\">Calamares, doradas, sonsos, boquerones, sepias, rapes, bonitos son algunos de los productos que llegan desde la lonja de Arenys de Mar hasta nuestra cocina. <\/span><\/p>\n<p>&nbsp;<\/p>\n<p><span style=\"font-weight: 400;\"><strong>Una recomendaci\u00f3n:<\/strong> despu\u00e9s de comer en el restaurante Blau de Mar,<\/span><span style=\"font-weight: 400;\"> visitad la lonja y la subasta del pescado y disfrutad en directo la llegada de las barcas a puerto.<\/span>[\/vc_column_text][vc_separator type=\u00bbtransparent\u00bb thickness=\u00bb30&#8243;][\/vc_column][\/vc_row][vc_row css_animation=\u00bb\u00bb row_type=\u00bbrow\u00bb use_row_as_full_screen_section=\u00bbno\u00bb type=\u00bbfull_width\u00bb angled_section=\u00bbno\u00bb text_align=\u00bbleft\u00bb background_image_as_pattern=\u00bbwithout_pattern\u00bb css=\u00bb.vc_custom_1609771418871{padding-top: 30px !important;padding-bottom: 40px !important;}\u00bb z_index=\u00bb\u00bb][vc_column width=\u00bb1\/2&#8243;][vc_column_text]<\/p>\n<h4><strong>En nuestra mesa, el tomate tiene sabor de tomate<\/strong><\/h4>\n<p>&nbsp;<\/p>\n<p><span style=\"font-weight: 400;\">En el Maresme, desde Tordera hasta Alella, encontramos infinidad de productores que trabajan la tierra de forma <strong>ecol\u00f3gica y con respeto por el medio ambiente<\/strong>. Un trabajo que se manifiesta tanto en la calidad de los productos de la huerta como en su gusto.<\/span><\/p>\n<p>&nbsp;<\/p>\n<p><span style=\"font-weight: 400;\">Los <strong>guisantes y fresas del Maresme<\/strong> son los protagonistas de varias jornadas gastron\u00f3micas en las<\/span><span style=\"font-weight: 400;\"> que <\/span><span style=\"font-weight: 400;\">participamos ofreciendo a nuestros clientes estos productos en el mejor momento de la <strong>temporada.<\/strong><\/span>[\/vc_column_text][vc_separator type=\u00bbtransparent\u00bb thickness=\u00bb30&#8243;][\/vc_column][vc_column width=\u00bb1\/2&#8243;][vc_single_image image=\u00bb17023&#8243; img_size=\u00bb500&#215;250&#8243; alignment=\u00bbright\u00bb qode_css_animation=\u00bbelement_from_left\u00bb css=\u00bb.vc_custom_1610198905630{padding-top: 25px !important;}\u00bb][\/vc_column][\/vc_row][vc_row css_animation=\u00bb\u00bb row_type=\u00bbrow\u00bb use_row_as_full_screen_section=\u00bbno\u00bb type=\u00bbfull_width\u00bb angled_section=\u00bbno\u00bb text_align=\u00bbleft\u00bb background_image_as_pattern=\u00bbwithout_pattern\u00bb css=\u00bb.vc_custom_1610182306814{padding-top: 30px !important;padding-bottom: 20px !important;}\u00bb z_index=\u00bb\u00bb][vc_column width=\u00bb1\/2&#8243;][vc_single_image image=\u00bb16998&#8243; img_size=\u00bb500&#215;250&#8243; qode_css_animation=\u00bbelement_from_left\u00bb css=\u00bb.vc_custom_1610182186817{padding-top: 25px !important;padding-bottom: 20px !important;}\u00bb][\/vc_column][vc_column width=\u00bb1\/2&#8243;][vc_column_text]<\/p>\n<h4><strong>Ecolog\u00eda, respeto y amor por el producto<\/strong><\/h4>\n<p>&nbsp;<\/p>\n<p><span style=\"font-weight: 400;\">Las carnes y embutidos que servimos en el Restaurante Blau de Mar vienen del Pirineo de Lleida; en concreto, de Cal Tom\u00e0s; una carnicer\u00eda y charcuter\u00eda de larga <strong>tradici\u00f3n familiar<\/strong> ubicada en la Pobla de Segur. <\/span><\/p>\n<p>&nbsp;<\/p>\n<p><span style=\"font-weight: 400;\">Elaboran los embutidos siguiendo las recetas familiares, <strong>cr\u00edan los reba\u00f1os de forma ecol\u00f3gica<\/strong> y trabajan con <strong>especies aut\u00f3ctonas<\/strong> como el Xai Xisqueta.<\/span><\/p>\n<p>&nbsp;<\/p>\n<p><span style=\"font-weight: 400;\">Ecolog\u00eda, respeto y amor por el producto son b\u00e1sicos para elegir a nuestros proveedores.<\/span>[\/vc_column_text][vc_separator type=\u00bbtransparent\u00bb thickness=\u00bb30&#8243;][\/vc_column][\/vc_row][vc_row css_animation=\u00bb\u00bb row_type=\u00bbrow\u00bb use_row_as_full_screen_section=\u00bbno\u00bb type=\u00bbgrid\u00bb angled_section=\u00bbno\u00bb text_align=\u00bbleft\u00bb background_image_as_pattern=\u00bbwithout_pattern\u00bb css=\u00bb.vc_custom_1610197999015{padding-top: 20px !important;padding-bottom: 40px !important;}\u00bb z_index=\u00bb\u00bb][vc_column width=\u00bb1\/3&#8243; offset=\u00bbvc_hidden-sm vc_hidden-xs\u00bb][vc_empty_space height=\u00bb17px\u00bb][vc_separator css_animation=\u00bbleft-to-right\u00bb type=\u00bbnormal\u00bb color=\u00bb#5a7596&#8243;][\/vc_column][vc_column width=\u00bb1\/3&#8243;][vc_column_text]<\/p>\n<h3 style=\"text-align: center;\">SLOWFOOD<\/h3>\n<p>[\/vc_column_text][\/vc_column][vc_column width=\u00bb1\/3&#8243; offset=\u00bbvc_hidden-sm\u00bb][vc_empty_space height=\u00bb17px\u00bb][vc_separator css_animation=\u00bbright-to-left\u00bb type=\u00bbnormal\u00bb color=\u00bb#5a7596&#8243;][\/vc_column][\/vc_row][vc_row css_animation=\u00bb\u00bb row_type=\u00bbrow\u00bb use_row_as_full_screen_section=\u00bbno\u00bb type=\u00bbfull_width\u00bb angled_section=\u00bbno\u00bb text_align=\u00bbleft\u00bb background_image_as_pattern=\u00bbwithout_pattern\u00bb css=\u00bb.vc_custom_1610182314940{padding-bottom: 20px !important;}\u00bb z_index=\u00bb\u00bb][vc_column width=\u00bb1\/2&#8243;][vc_column_text]<\/p>\n<h4><strong>Cada plato que servimos est\u00e1 pensado para disfrutarlo con todos los sentidos<\/strong><\/h4>\n<p>&nbsp;<\/p>\n<p><span style=\"font-weight: 400;\">Cada una de nuestras recetas se basa en productos de calidad que han sido creados con pasi\u00f3n por el productor, cocinados por nuestro chef respetando al m\u00e1ximo sus virtudes y servidos en la mesa con la voluntad de que <strong>el tiempo sea parte de la experiencia gastron\u00f3mica.<\/strong><\/span><\/p>\n<p>&nbsp;<\/p>\n<p><span style=\"font-weight: 400;\">En el Restaurant Blau de Mar apostamos por el <strong>slowfood,<\/strong> es decir, servimos productos frescos y de temporada que forman parte de nuestra cultura gastron\u00f3mica local; trabajamos con<\/span> <span style=\"font-weight: 400;\">productores que se preocupan por el medio ambiente, el bienestar animal y la salud; y<\/span> <span style=\"font-weight: 400;\">procuramos un equilibrio entre un justiprecio para el productor y un precio asequible para los comensales.<\/span>[\/vc_column_text][vc_separator type=\u00bbtransparent\u00bb thickness=\u00bb30&#8243;][\/vc_column][vc_column width=\u00bb1\/2&#8243;][vc_single_image image=\u00bb16997&#8243; img_size=\u00bb500&#215;250&#8243; alignment=\u00bbright\u00bb qode_css_animation=\u00bbelement_from_right\u00bb css=\u00bb.vc_custom_1610198868207{padding-top: 25px !important;}\u00bb][\/vc_column][\/vc_row][vc_row css_animation=\u00bb\u00bb row_type=\u00bbrow\u00bb use_row_as_full_screen_section=\u00bbno\u00bb type=\u00bbfull_width\u00bb angled_section=\u00bbno\u00bb text_align=\u00bbcenter\u00bb background_image_as_pattern=\u00bbwithout_pattern\u00bb z_index=\u00bb\u00bb padding_top=\u00bb20&#8243; padding_bottom=\u00bb40&#8243;][vc_column width=\u00bb1\/6&#8243;][\/vc_column][vc_column width=\u00bb1\/6&#8243;][\/vc_column][vc_column width=\u00bb1\/6&#8243; offset=\u00bbvc_hidden-sm\u00bb]<a  itemprop=\"url\" href=\"https:\/\/www.blaudemar.cat\/reserva\/\" target=\"_self\"  class=\"qbutton  large center default\" style=\"margin: 5px 5px 10px 5px; \">RESERVAR<\/a>[\/vc_column][vc_column width=\u00bb1\/6&#8243;]<a  itemprop=\"url\" href=\"https:\/\/www.blaudemar.cat\/carta\/\" target=\"_self\"  class=\"qbutton  large center default\" style=\"margin: 5px 5px 10px 5px; \">VER LA CARTA<\/a>[\/vc_column][vc_column width=\u00bb1\/6&#8243;][\/vc_column][vc_column width=\u00bb1\/6&#8243;][\/vc_column][\/vc_row][vc_row css_animation=\u00bb\u00bb row_type=\u00bbrow\u00bb use_row_as_full_screen_section=\u00bbno\u00bb type=\u00bbfull_width\u00bb angled_section=\u00bbno\u00bb text_align=\u00bbleft\u00bb background_image_as_pattern=\u00bbwithout_pattern\u00bb][vc_column width=\u00bb1\/5&#8243;][\/vc_column][vc_column width=\u00bb1\/5&#8243;][\/vc_column][vc_column width=\u00bb1\/5&#8243;][vc_raw_html]PGxpbmsgaHJlZj0iaHR0cHM6Ly9hd2FyZHMuaW5mY2RuLm5ldC9yX3JjbS5jc3MiIHJlbD0ic3R5bGVzaGVldCI+PGRpdiBpZD0ici1yY20iIGRhdGE9IjI5IiBjbGFzcz0iIHItcmNtX2JsYWNrICIgb25jbGljaz0iaWYoZXZlbnQudGFyZ2V0Lm5vZGVOYW1lLnRvTG93ZXJDYXNlKCkgIT0gJ2EnKSB7d2luZG93Lm9wZW4odGhpcy5xdWVyeVNlbGVjdG9yKCcucmVzdC13aGl0ZV9jZW50ZXInKS5ocmVmKTtyZXR1cm4gMDt9Ij4gPGEgaHJlZj0iaHR0cHM6Ly9lcy5yZXN0YXVyYW50Z3VydS5jb20vQmxhdS1kZS1NYXItQXJlbnlzLWRlLU1hciIgY2xhc3M9InItcmNtX3ItbGluayIgdGFyZ2V0PSJfYmxhbmsiPkJsYXUgZGUgTWFyPC9hPiA8ZGl2IGNsYXNzPSJyLXJjbV95ZWFyIj4yMDIzPC9kaXY+IDxkaXYgY2xhc3M9InItcmNtX2JvdHRvbSAiPiA8c3BhbiBjbGFzcz0ici1yY21fc3RyMSAiPlJlY29tZW5kYWRvPC9zcGFuPiA8L2Rpdj4gPGRpdiBjbGFzcz0ici1yY21faGVhZGluZyI+IDxzdmcgeG1sbnM9Imh0dHA6Ly93d3cudzMub3JnLzIwMDAvc3ZnIiB4bWxuczp4bGluaz0iaHR0cDovL3d3dy53My5vcmcvMTk5OS94bGluayIgd2lkdGg9IjE0NHB4IiBoZWlnaHQ9IjE0NHB4IiB2aWV3Ym94PSIwIDAgMTQ0IDE0NCI+IDxkZWZzPiA8cGF0aCBpZD0ici1yY20tYXJjIiBkPSJNIDEyIDcyIGEgNjAgNjAgMCAwIDAgMTIwIDAiPjwvcGF0aD4gPC9kZWZzPiA8dGV4dCBjbGFzcz0ici1yY21faGVhZGluZ19fYm90dG9tICIgZmlsbD0iI2ZmZiIgdGV4dC1hbmNob3I9Im1pZGRsZSI+IDx0ZXh0cGF0aCBzdGFydG9mZnNldD0iNTAlIiB4bGluazpocmVmPSIjci1yY20tYXJjIj48YSBocmVmPSJodHRwczovL3Jlc3RhdXJhbnRndXJ1LmNvbS8iIGNsYXNzPSJyLXJjbV9oZWFkaW5nX19saW5rIj5SZXN0YXVyYW50IEd1cnU8L2E+PC90ZXh0cGF0aD4gPC90ZXh0PiA8L3N2Zz4gPC9kaXY+PC9kaXY+[\/vc_raw_html][\/vc_column][vc_column width=\u00bb1\/5&#8243;][\/vc_column][vc_column width=\u00bb1\/5&#8243;][\/vc_column][\/vc_row][vc_row css_animation=\u00bb\u00bb row_type=\u00bbrow\u00bb use_row_as_full_screen_section=\u00bbno\u00bb type=\u00bbfull_width\u00bb angled_section=\u00bbno\u00bb text_align=\u00bbleft\u00bb background_image_as_pattern=\u00bbwithout_pattern\u00bb][vc_column][vc_empty_space][\/vc_column][\/vc_row]<\/p>\n","protected":false},"excerpt":{"rendered":"<p>[vc_row css_animation=\u00bb\u00bb row_type=\u00bbrow\u00bb use_row_as_full_screen_section=\u00bbno\u00bb type=\u00bbgrid\u00bb angled_section=\u00bbno\u00bb text_align=\u00bbcenter\u00bb background_image_as_pattern=\u00bbwithout_pattern\u00bb z_index=\u00bb\u00bb css=\u00bb.vc_custom_1610998986815{padding-top: 50px !important;padding-bottom: 50px !important;}\u00bb][vc_column][vc_column_text] Cocina mediterr\u00e1nea basada en la excelencia del producto de proximidad. [\/vc_column_text][vc_column_text css=\u00bb.vc_custom_1610998577091{padding-top: 30px !important;}\u00bb] Km 0, slowfood y sostenibilidad son las m\u00e1ximas que definen nuestra cocina [\/vc_column_text][\/vc_column][\/vc_row][vc_row css_animation=\u00bb\u00bb row_type=\u00bbrow\u00bb use_row_as_full_screen_section=\u00bbno\u00bb type=\u00bbfull_width\u00bb&#8230;<\/p>\n","protected":false},"author":2,"featured_media":17029,"parent":0,"menu_order":0,"comment_status":"closed","ping_status":"closed","template":"","meta":{"footnotes":""},"class_list":["post-17082","page","type-page","status-publish","has-post-thumbnail","hentry"],"yoast_head":"<!-- This site is optimized with the Yoast SEO plugin v27.4 - https:\/\/yoast.com\/product\/yoast-seo-wordpress\/ -->\n<title>CONCEPTO - Restaurante Blau de Mar<\/title>\n<meta name=\"description\" content=\"Cocina mediterr\u00e1nea basada en la excelencia del producto de proximidad: \u00e9ste es el concepto que define nuestra filosof\u00eda.\" \/>\n<meta name=\"robots\" content=\"index, follow, max-snippet:-1, max-image-preview:large, max-video-preview:-1\" \/>\n<link rel=\"canonical\" href=\"https:\/\/www.blaudemar.cat\/es\/concepto\/\" \/>\n<meta property=\"og:locale\" content=\"es_ES\" \/>\n<meta property=\"og:type\" content=\"article\" \/>\n<meta property=\"og:title\" content=\"CONCEPTO - Restaurante Blau de Mar\" \/>\n<meta property=\"og:description\" content=\"Cocina mediterr\u00e1nea basada en la excelencia del producto de proximidad: \u00e9ste es el concepto que define nuestra filosof\u00eda.\" \/>\n<meta property=\"og:url\" content=\"https:\/\/www.blaudemar.cat\/es\/concepto\/\" \/>\n<meta property=\"og:site_name\" content=\"Restaurante Blau de Mar\" \/>\n<meta property=\"article:modified_time\" content=\"2025-10-07T08:09:34+00:00\" \/>\n<meta property=\"og:image\" content=\"https:\/\/www.blaudemar.cat\/wp-content\/uploads\/2021\/01\/ostres.jpg\" \/>\n\t<meta property=\"og:image:width\" content=\"1918\" \/>\n\t<meta property=\"og:image:height\" content=\"600\" \/>\n\t<meta property=\"og:image:type\" content=\"image\/jpeg\" \/>\n<meta name=\"twitter:card\" content=\"summary_large_image\" \/>\n<meta name=\"twitter:label1\" content=\"Tiempo de lectura\" \/>\n\t<meta name=\"twitter:data1\" content=\"3 minutos\" \/>\n<script type=\"application\/ld+json\" class=\"yoast-schema-graph\">{\"@context\":\"https:\\\/\\\/schema.org\",\"@graph\":[{\"@type\":\"WebPage\",\"@id\":\"https:\\\/\\\/www.blaudemar.cat\\\/es\\\/concepto\\\/\",\"url\":\"https:\\\/\\\/www.blaudemar.cat\\\/es\\\/concepto\\\/\",\"name\":\"CONCEPTO - Restaurante Blau de Mar\",\"isPartOf\":{\"@id\":\"https:\\\/\\\/www.blaudemar.cat\\\/es\\\/#website\"},\"primaryImageOfPage\":{\"@id\":\"https:\\\/\\\/www.blaudemar.cat\\\/es\\\/concepto\\\/#primaryimage\"},\"image\":{\"@id\":\"https:\\\/\\\/www.blaudemar.cat\\\/es\\\/concepto\\\/#primaryimage\"},\"thumbnailUrl\":\"https:\\\/\\\/www.blaudemar.cat\\\/wp-content\\\/uploads\\\/2021\\\/01\\\/ostres.jpg\",\"datePublished\":\"2020-12-15T08:59:14+00:00\",\"dateModified\":\"2025-10-07T08:09:34+00:00\",\"description\":\"Cocina mediterr\u00e1nea basada en la excelencia del producto de proximidad: \u00e9ste es el concepto que define nuestra filosof\u00eda.\",\"breadcrumb\":{\"@id\":\"https:\\\/\\\/www.blaudemar.cat\\\/es\\\/concepto\\\/#breadcrumb\"},\"inLanguage\":\"es\",\"potentialAction\":[{\"@type\":\"ReadAction\",\"target\":[\"https:\\\/\\\/www.blaudemar.cat\\\/es\\\/concepto\\\/\"]}]},{\"@type\":\"ImageObject\",\"inLanguage\":\"es\",\"@id\":\"https:\\\/\\\/www.blaudemar.cat\\\/es\\\/concepto\\\/#primaryimage\",\"url\":\"https:\\\/\\\/www.blaudemar.cat\\\/wp-content\\\/uploads\\\/2021\\\/01\\\/ostres.jpg\",\"contentUrl\":\"https:\\\/\\\/www.blaudemar.cat\\\/wp-content\\\/uploads\\\/2021\\\/01\\\/ostres.jpg\",\"width\":1918,\"height\":600},{\"@type\":\"BreadcrumbList\",\"@id\":\"https:\\\/\\\/www.blaudemar.cat\\\/es\\\/concepto\\\/#breadcrumb\",\"itemListElement\":[{\"@type\":\"ListItem\",\"position\":1,\"name\":\"Inicio\",\"item\":\"https:\\\/\\\/www.blaudemar.cat\\\/es\\\/\"},{\"@type\":\"ListItem\",\"position\":2,\"name\":\"CONCEPTO\"}]},{\"@type\":\"WebSite\",\"@id\":\"https:\\\/\\\/www.blaudemar.cat\\\/es\\\/#website\",\"url\":\"https:\\\/\\\/www.blaudemar.cat\\\/es\\\/\",\"name\":\"Restaurante Blau de Mar\",\"description\":\"Cocina de proximidad y producto de calidad en Arenys de Mar (Maresme)\",\"potentialAction\":[{\"@type\":\"SearchAction\",\"target\":{\"@type\":\"EntryPoint\",\"urlTemplate\":\"https:\\\/\\\/www.blaudemar.cat\\\/es\\\/?s={search_term_string}\"},\"query-input\":{\"@type\":\"PropertyValueSpecification\",\"valueRequired\":true,\"valueName\":\"search_term_string\"}}],\"inLanguage\":\"es\"}]}<\/script>\n<!-- \/ Yoast SEO plugin. -->","yoast_head_json":{"title":"CONCEPTO - Restaurante Blau de Mar","description":"Cocina mediterr\u00e1nea basada en la excelencia del producto de proximidad: \u00e9ste es el concepto que define nuestra filosof\u00eda.","robots":{"index":"index","follow":"follow","max-snippet":"max-snippet:-1","max-image-preview":"max-image-preview:large","max-video-preview":"max-video-preview:-1"},"canonical":"https:\/\/www.blaudemar.cat\/es\/concepto\/","og_locale":"es_ES","og_type":"article","og_title":"CONCEPTO - Restaurante Blau de Mar","og_description":"Cocina mediterr\u00e1nea basada en la excelencia del producto de proximidad: \u00e9ste es el concepto que define nuestra filosof\u00eda.","og_url":"https:\/\/www.blaudemar.cat\/es\/concepto\/","og_site_name":"Restaurante Blau de Mar","article_modified_time":"2025-10-07T08:09:34+00:00","og_image":[{"width":1918,"height":600,"url":"https:\/\/www.blaudemar.cat\/wp-content\/uploads\/2021\/01\/ostres.jpg","type":"image\/jpeg"}],"twitter_card":"summary_large_image","twitter_misc":{"Tiempo de lectura":"3 minutos"},"schema":{"@context":"https:\/\/schema.org","@graph":[{"@type":"WebPage","@id":"https:\/\/www.blaudemar.cat\/es\/concepto\/","url":"https:\/\/www.blaudemar.cat\/es\/concepto\/","name":"CONCEPTO - Restaurante Blau de Mar","isPartOf":{"@id":"https:\/\/www.blaudemar.cat\/es\/#website"},"primaryImageOfPage":{"@id":"https:\/\/www.blaudemar.cat\/es\/concepto\/#primaryimage"},"image":{"@id":"https:\/\/www.blaudemar.cat\/es\/concepto\/#primaryimage"},"thumbnailUrl":"https:\/\/www.blaudemar.cat\/wp-content\/uploads\/2021\/01\/ostres.jpg","datePublished":"2020-12-15T08:59:14+00:00","dateModified":"2025-10-07T08:09:34+00:00","description":"Cocina mediterr\u00e1nea basada en la excelencia del producto de proximidad: \u00e9ste es el concepto que define nuestra filosof\u00eda.","breadcrumb":{"@id":"https:\/\/www.blaudemar.cat\/es\/concepto\/#breadcrumb"},"inLanguage":"es","potentialAction":[{"@type":"ReadAction","target":["https:\/\/www.blaudemar.cat\/es\/concepto\/"]}]},{"@type":"ImageObject","inLanguage":"es","@id":"https:\/\/www.blaudemar.cat\/es\/concepto\/#primaryimage","url":"https:\/\/www.blaudemar.cat\/wp-content\/uploads\/2021\/01\/ostres.jpg","contentUrl":"https:\/\/www.blaudemar.cat\/wp-content\/uploads\/2021\/01\/ostres.jpg","width":1918,"height":600},{"@type":"BreadcrumbList","@id":"https:\/\/www.blaudemar.cat\/es\/concepto\/#breadcrumb","itemListElement":[{"@type":"ListItem","position":1,"name":"Inicio","item":"https:\/\/www.blaudemar.cat\/es\/"},{"@type":"ListItem","position":2,"name":"CONCEPTO"}]},{"@type":"WebSite","@id":"https:\/\/www.blaudemar.cat\/es\/#website","url":"https:\/\/www.blaudemar.cat\/es\/","name":"Restaurante Blau de Mar","description":"Cocina de proximidad y producto de calidad en Arenys de Mar (Maresme)","potentialAction":[{"@type":"SearchAction","target":{"@type":"EntryPoint","urlTemplate":"https:\/\/www.blaudemar.cat\/es\/?s={search_term_string}"},"query-input":{"@type":"PropertyValueSpecification","valueRequired":true,"valueName":"search_term_string"}}],"inLanguage":"es"}]}},"_links":{"self":[{"href":"https:\/\/www.blaudemar.cat\/es\/wp-json\/wp\/v2\/pages\/17082","targetHints":{"allow":["GET"]}}],"collection":[{"href":"https:\/\/www.blaudemar.cat\/es\/wp-json\/wp\/v2\/pages"}],"about":[{"href":"https:\/\/www.blaudemar.cat\/es\/wp-json\/wp\/v2\/types\/page"}],"author":[{"embeddable":true,"href":"https:\/\/www.blaudemar.cat\/es\/wp-json\/wp\/v2\/users\/2"}],"replies":[{"embeddable":true,"href":"https:\/\/www.blaudemar.cat\/es\/wp-json\/wp\/v2\/comments?post=17082"}],"version-history":[{"count":32,"href":"https:\/\/www.blaudemar.cat\/es\/wp-json\/wp\/v2\/pages\/17082\/revisions"}],"predecessor-version":[{"id":18491,"href":"https:\/\/www.blaudemar.cat\/es\/wp-json\/wp\/v2\/pages\/17082\/revisions\/18491"}],"wp:featuredmedia":[{"embeddable":true,"href":"https:\/\/www.blaudemar.cat\/es\/wp-json\/wp\/v2\/media\/17029"}],"wp:attachment":[{"href":"https:\/\/www.blaudemar.cat\/es\/wp-json\/wp\/v2\/media?parent=17082"}],"curies":[{"name":"wp","href":"https:\/\/api.w.org\/{rel}","templated":true}]}}